{"id":136,"date":"2012-02-23T21:58:53","date_gmt":"2012-02-23T20:58:53","guid":{"rendered":"http:\/\/hydropassion.com\/webZine\/?page_id=136"},"modified":"2012-02-23T22:35:11","modified_gmt":"2012-02-23T21:35:11","slug":"mur-vegetalise-24","status":"publish","type":"page","link":"https:\/\/hydropassion.com\/webZine\/mur-vegetal-hydro-hydroponie\/mur-vegetalise-24\/","title":{"rendered":"Murs v\u00e9g\u00e9talis\u00e9s (2\/5)"},"content":{"rendered":"<h4 style=\"text-align: justify;\">PAGE 2\/5<br \/>\nAller \u00e0 : <a title=\"Murs v\u00e9g\u00e9talis\u00e9s\" href=\"https:\/\/hydropassion.com\/webZine\/mur-vegetal-hydro-hydroponie\">1<\/a> &#8211; <a title=\"Murs v\u00e9g\u00e9talis\u00e9s (2\/5)\" href=\"https:\/\/hydropassion.com\/webZine\/mur-vegetal-hydro-hydroponie\/mur-vegetalise-24\">2<\/a> &#8211; <a title=\"Murs v\u00e9g\u00e9talis\u00e9s (3\/5)\" href=\"https:\/\/hydropassion.com\/webZine\/mur-vegetal-hydro-hydroponie\/murs-vegetalises-34\">3<\/a> &#8211; <a title=\"Murs v\u00e9g\u00e9talis\u00e9s (4\/5)\" href=\"https:\/\/hydropassion.com\/webZine\/mur-vegetal-hydro-hydroponie\/murs-vegetalises-45\">4<\/a> &#8211; <a title=\"Murs v\u00e9g\u00e9talis\u00e9s (5\/5)\" href=\"https:\/\/hydropassion.com\/webZine\/mur-vegetal-hydro-hydroponie\/murs-vegetalises-55\">5<\/a><\/h4>\n<p style=\"text-align: justify;\"><em><strong>Choix de la pompe \u00e0 eau<\/strong><\/em><br \/>\nPour irriguer le tableau v\u00e9g\u00e9tal, on utilisera une pompe d\u2019aquarium. Le choix de la pompe va d\u00e9pendre de la hauteur que l\u2019eau va avoir \u00e0 parcourir depuis le fond du r\u00e9servoir jusqu\u2019au trous d\u2019irrigation. Jusqu\u2019\u00e0 1,4 m, une pompe d\u2019un d\u00e9bit de 1200 litres par heure suffira\u00a0; de 1,5 \u00e0 1,8 m 1700 l\/h\u00a0; de 1,9 \u00e0 2,2 m 2300 l\/h\u00a0et de 2,3 \u00e0 2,6 m 3000 l\/h.<\/p>\n<h4 style=\"text-align: justify;\">Figure 2 : table Duma<\/h4>\n<p style=\"text-align: justify;\"><a href=\"https:\/\/hydropassion.com\/webZine\/wp-content\/uploads\/2012\/02\/241-1dumanue.jpg\"><img loading=\"lazy\" decoding=\"async\" title=\"241-1dumanue\" src=\"https:\/\/hydropassion.com\/webZine\/wp-content\/uploads\/2012\/02\/241-1dumanue-300x225.jpg\" alt=\"Table Duma nue\" width=\"300\" height=\"225\" \/><\/a><\/p>\n<h4 style=\"text-align: justify;\">Figure 241-2 : Pain de laine de roche horticole<\/h4>\n<p style=\"text-align: justify;\"><a href=\"https:\/\/hydropassion.com\/webZine\/wp-content\/uploads\/2012\/02\/241-2painldr.jpg\"><img loading=\"lazy\" decoding=\"async\" title=\"241-2painldr\" src=\"https:\/\/hydropassion.com\/webZine\/wp-content\/uploads\/2012\/02\/241-2painldr-300x225.jpg\" alt=\"Pain laine de roche\" width=\"300\" height=\"225\" \/><\/a><\/p>\n<p style=\"text-align: justify;\">Crochets de fixation, trous et ligne d\u2019irrigation<br \/>\nUne fois tout le mat\u00e9riel rassembl\u00e9, on peut passer au montage du tableau. La premi\u00e8re \u00e9tape est la pose des crochets de suspension. On commence par d\u00e9couper une section de barre d\u2019aluminium de 71 cm qui va servir \u00e0 renforcer\u00a0 la fixation. On plaque cette barre au fond de la partie sup\u00e9rieure du tableau et l\u2019on perce au travers de la barre et de la table trois trous avec le foret\u00a0 \u00e0 m\u00e9tal de 5 mm. Le premier trou est perc\u00e9 \u00e0 10 cm du bord et les suivants sont perc\u00e9s \u00e0 une distance de 26,5 cm. Puis on visse les crochets en prenant bien garde \u00e0 ce que plastique et aluminium soit bien pris en sandwich entre les deux rondelles.<\/p>\n<h4 style=\"text-align: justify;\">Figure 242-1 : Per\u00e7age barre aluminium<\/h4>\n<p style=\"text-align: justify;\"><a href=\"https:\/\/hydropassion.com\/webZine\/wp-content\/uploads\/2012\/02\/242-1per%C3%A7agebarresupport5.jpg\"><img loading=\"lazy\" decoding=\"async\" title=\"242-1per\u00e7agebarresupport5\" src=\"https:\/\/hydropassion.com\/webZine\/wp-content\/uploads\/2012\/02\/242-1per%C3%A7agebarresupport5-300x225.jpg\" alt=\"Per\u00e7age barre de support\" width=\"300\" height=\"225\" \/><\/a><\/p>\n<p style=\"text-align: justify;\">On perce les cinq trous destin\u00e9s \u00e0 accueillir les tuyaux d\u2019irrigation avec le foret de 5 mm de fa\u00e7on \u00e0 ce qu\u2019ils correspondent chacun au milieu d\u2019un pain de laine de roche. Ce per\u00e7age doit \u00eatre fait d\u00e9licatement et progressivement de mani\u00e8re \u00e0 ne pas fendre le plastique.<\/p>\n<h4 style=\"text-align: justify;\">Figure 242-4 : Vue barre et trou d\u2019irrigation<\/h4>\n<p style=\"text-align: justify;\"><a href=\"https:\/\/hydropassion.com\/webZine\/wp-content\/uploads\/2012\/02\/242-4vuebarresupporttrouirrig.jpg\"><img loading=\"lazy\" decoding=\"async\" class=\"alignnone size-medium wp-image-103\" title=\"242-4 Barre de support irrigation\" src=\"https:\/\/hydropassion.com\/webZine\/wp-content\/uploads\/2012\/02\/242-4vuebarresupporttrouirrig-300x225.jpg\" alt=\"Barre de support irrigation - hydroculture\" width=\"300\" height=\"225\" srcset=\"https:\/\/hydropassion.com\/webZine\/wp-content\/uploads\/2012\/02\/242-4vuebarresupporttrouirrig-300x225.jpg 300w, https:\/\/hydropassion.com\/webZine\/wp-content\/uploads\/2012\/02\/242-4vuebarresupporttrouirrig-1024x768.jpg 1024w\" sizes=\"auto, (max-width: 300px) 100vw, 300px\" \/><\/a><\/p>\n<p style=\"text-align: justify;\">C\u2019est \u00e0 ce moment qu\u2019il convient de r\u00e9aliser la pose des crochets muraux destin\u00e9s \u00e0 supporter l\u2019installation (cf. 212).<br \/>\nOn conna\u00eet maintenant la distance entre la pompe et les trous d\u2019irrigation. On monte la ligne d\u2019irrigation en connectant, en partant de la pompe, le filtre, les r\u00e9ducteurs et enfin le bouchon. Puis on connecte les tuyaux de 4,6 mm coup\u00e9 \u00e0 la bonne longueur pour parcourir largement la distance des r\u00e9ducteurs aux trous d\u2019irrigation.<br \/>\nOn pr\u00e9pare la goutti\u00e8re en la per\u00e7ant d\u2019un trou de 28 mm de diam\u00e8tre pour connecter l\u2019\u00e9vacuation d\u2019eau au r\u00e9servoir avec une section de tuyau de 13-16 mm.<\/p>\n<h4 style=\"text-align: justify;\">Figure 242-6 : Endroit de la goutti\u00e8re<\/h4>\n<p style=\"text-align: justify;\"><a href=\"https:\/\/hydropassion.com\/webZine\/wp-content\/uploads\/2012\/02\/242-6-endroitgoutti%C3%A8re.jpg\"><img loading=\"lazy\" decoding=\"async\" class=\"alignnone size-medium wp-image-104\" title=\"242-6  endroit goutti\u00e8re\" src=\"https:\/\/hydropassion.com\/webZine\/wp-content\/uploads\/2012\/02\/242-6-endroitgoutti%C3%A8re-300x225.jpg\" alt=\"Endroit et envers de la goutti\u00e8re\" width=\"300\" height=\"225\" \/><\/a><\/p>\n<h4 style=\"text-align: justify;\">Figure 242-7 : Envers de la goutti\u00e8re<\/h4>\n<p style=\"text-align: justify;\"><a href=\"https:\/\/hydropassion.com\/webZine\/wp-content\/uploads\/2012\/02\/242-7-envers-gout.jpg\"><img loading=\"lazy\" decoding=\"async\" class=\"alignnone size-medium wp-image-105\" title=\"242-7 envers gout\" src=\"https:\/\/hydropassion.com\/webZine\/wp-content\/uploads\/2012\/02\/242-7-envers-gout-300x225.jpg\" alt=\"Endroit et envers de la goutti\u00e8re 2\" width=\"300\" height=\"225\" srcset=\"https:\/\/hydropassion.com\/webZine\/wp-content\/uploads\/2012\/02\/242-7-envers-gout-300x225.jpg 300w, https:\/\/hydropassion.com\/webZine\/wp-content\/uploads\/2012\/02\/242-7-envers-gout-1024x768.jpg 1024w\" sizes=\"auto, (max-width: 300px) 100vw, 300px\" \/><\/a><\/p>\n<h4 style=\"text-align: justify;\">Mise en place du substrat<\/h4>\n<p style=\"text-align: justify;\">La table est pr\u00eate \u00e0 accueillir le substrat. On place la section de\u00a0 feutre horticole de\u00a0 3 m dans le fond de la table en la faisant d\u00e9passer d\u2019environ 40 cm sur la partie inf\u00e9rieure du tableau et 140 cm sur la partie sup\u00e9rieure.<\/p>\n<h4 style=\"text-align: justify;\">Figure 243-1 : Mise en place du feutre<\/h4>\n<p style=\"text-align: justify;\"><a href=\"https:\/\/hydropassion.com\/webZine\/wp-content\/uploads\/2012\/02\/243-1poseaquanap.jpg\"><img loading=\"lazy\" decoding=\"async\" class=\"alignnone size-medium wp-image-106\" title=\"243-1poseaquanap\" src=\"https:\/\/hydropassion.com\/webZine\/wp-content\/uploads\/2012\/02\/243-1poseaquanap-300x225.jpg\" alt=\"Pose du feutre aquanap hydroculture\" width=\"300\" height=\"225\" srcset=\"https:\/\/hydropassion.com\/webZine\/wp-content\/uploads\/2012\/02\/243-1poseaquanap-300x225.jpg 300w, https:\/\/hydropassion.com\/webZine\/wp-content\/uploads\/2012\/02\/243-1poseaquanap-1024x768.jpg 1024w\" sizes=\"auto, (max-width: 300px) 100vw, 300px\" \/><\/a><\/p>\n<p style=\"text-align: justify;\">Il est important de bien faire traverser le feutre par les crochets afin que celui-ci \u00e9pouse bien le bord de la table.<br \/>\nOn pulv\u00e9rise le feutre avec de l\u2019eau au pH ajust\u00e9 (pH 6) jusqu\u2019\u00e0 ce qu\u2019il soit bien impr\u00e9gn\u00e9.<\/p>\n<p style=\"text-align: justify;\">PAGE 2\/5<br \/>\nAller \u00e0 : <a title=\"Murs v\u00e9g\u00e9talis\u00e9s\" href=\"https:\/\/hydropassion.com\/webZine\/mur-vegetal-hydro-hydroponie\">1<\/a> &#8211; <a title=\"Murs v\u00e9g\u00e9talis\u00e9s (2\/5)\" href=\"https:\/\/hydropassion.com\/webZine\/mur-vegetal-hydro-hydroponie\/mur-vegetalise-24\">2<\/a> &#8211; <a title=\"Murs v\u00e9g\u00e9talis\u00e9s (3\/5)\" href=\"https:\/\/hydropassion.com\/webZine\/mur-vegetal-hydro-hydroponie\/murs-vegetalises-34\">3<\/a> &#8211; <a title=\"Murs v\u00e9g\u00e9talis\u00e9s (4\/5)\" href=\"https:\/\/hydropassion.com\/webZine\/mur-vegetal-hydro-hydroponie\/murs-vegetalises-45\">4<\/a> &#8211; <a title=\"Murs v\u00e9g\u00e9talis\u00e9s (5\/5)\" href=\"https:\/\/hydropassion.com\/webZine\/mur-vegetal-hydro-hydroponie\/murs-vegetalises-55\">5<\/a><\/p>\n","protected":false},"excerpt":{"rendered":"<p>PAGE 2\/5 Aller \u00e0 : 1 &#8211; 2 &#8211; 3 &#8211; 4 &#8211; 5 Choix de la pompe \u00e0 eau Pour irriguer le tableau v\u00e9g\u00e9tal, on utilisera une pompe d\u2019aquarium. Le choix de la pompe va d\u00e9pendre de la hauteur que l\u2019eau va avoir \u00e0 parcourir depuis le fond du r\u00e9servoir jusqu\u2019au trous d\u2019irrigation. Jusqu\u2019\u00e0 [&hellip;]<\/p>\n","protected":false},"author":3,"featured_media":0,"parent":86,"menu_order":0,"comment_status":"closed","ping_status":"closed","template":"","meta":{"_monsterinsights_skip_tracking":false,"_monsterinsights_sitenote_active":false,"_monsterinsights_sitenote_note":"","_monsterinsights_sitenote_category":0,"footnotes":""},"class_list":["post-136","page","type-page","status-publish","hentry"],"yoast_head":"<!-- This site is optimized with the Yoast SEO plugin v24.5 - https:\/\/yoast.com\/wordpress\/plugins\/seo\/ -->\n<title>Murs v\u00e9g\u00e9talis\u00e9s (2\/5) - WebZine Hydropassion<\/title>\n<meta name=\"robots\" content=\"index, follow, max-snippet:-1, max-image-preview:large, max-video-preview:-1\" \/>\n<link rel=\"canonical\" href=\"https:\/\/hydropassion.com\/webZine\/mur-vegetal-hydro-hydroponie\/mur-vegetalise-24\/\" \/>\n<meta property=\"og:locale\" content=\"fr_FR\" \/>\n<meta property=\"og:type\" content=\"article\" \/>\n<meta property=\"og:title\" content=\"Murs v\u00e9g\u00e9talis\u00e9s (2\/5) - WebZine Hydropassion\" \/>\n<meta property=\"og:description\" content=\"PAGE 2\/5 Aller \u00e0 : 1 &#8211; 2 &#8211; 3 &#8211; 4 &#8211; 5 Choix de la pompe \u00e0 eau Pour irriguer le tableau v\u00e9g\u00e9tal, on utilisera une pompe d\u2019aquarium. Le choix de la pompe va d\u00e9pendre de la hauteur que l\u2019eau va avoir \u00e0 parcourir depuis le fond du r\u00e9servoir jusqu\u2019au trous d\u2019irrigation. Jusqu\u2019\u00e0 [&hellip;]\" \/>\n<meta property=\"og:url\" content=\"https:\/\/hydropassion.com\/webZine\/mur-vegetal-hydro-hydroponie\/mur-vegetalise-24\/\" \/>\n<meta property=\"og:site_name\" content=\"WebZine Hydropassion\" \/>\n<meta property=\"article:modified_time\" content=\"2012-02-23T21:35:11+00:00\" \/>\n<meta property=\"og:image\" content=\"http:\/\/hydropassion.com\/webZine\/wp-content\/uploads\/2012\/02\/241-1dumanue-300x225.jpg\" \/>\n<meta name=\"twitter:card\" content=\"summary_large_image\" \/>\n<meta name=\"twitter:label1\" content=\"Dur\u00e9e de lecture estim\u00e9e\" \/>\n\t<meta name=\"twitter:data1\" content=\"3 minutes\" \/>\n<script type=\"application\/ld+json\" class=\"yoast-schema-graph\">{\"@context\":\"https:\/\/schema.org\",\"@graph\":[{\"@type\":\"WebPage\",\"@id\":\"https:\/\/hydropassion.com\/webZine\/mur-vegetal-hydro-hydroponie\/mur-vegetalise-24\/\",\"url\":\"https:\/\/hydropassion.com\/webZine\/mur-vegetal-hydro-hydroponie\/mur-vegetalise-24\/\",\"name\":\"Murs v\u00e9g\u00e9talis\u00e9s (2\/5) - WebZine Hydropassion\",\"isPartOf\":{\"@id\":\"https:\/\/hydropassion.com\/webZine\/#website\"},\"primaryImageOfPage\":{\"@id\":\"https:\/\/hydropassion.com\/webZine\/mur-vegetal-hydro-hydroponie\/mur-vegetalise-24\/#primaryimage\"},\"image\":{\"@id\":\"https:\/\/hydropassion.com\/webZine\/mur-vegetal-hydro-hydroponie\/mur-vegetalise-24\/#primaryimage\"},\"thumbnailUrl\":\"http:\/\/hydropassion.com\/webZine\/wp-content\/uploads\/2012\/02\/241-1dumanue-300x225.jpg\",\"datePublished\":\"2012-02-23T20:58:53+00:00\",\"dateModified\":\"2012-02-23T21:35:11+00:00\",\"breadcrumb\":{\"@id\":\"https:\/\/hydropassion.com\/webZine\/mur-vegetal-hydro-hydroponie\/mur-vegetalise-24\/#breadcrumb\"},\"inLanguage\":\"fr-FR\",\"potentialAction\":[{\"@type\":\"ReadAction\",\"target\":[\"https:\/\/hydropassion.com\/webZine\/mur-vegetal-hydro-hydroponie\/mur-vegetalise-24\/\"]}]},{\"@type\":\"ImageObject\",\"inLanguage\":\"fr-FR\",\"@id\":\"https:\/\/hydropassion.com\/webZine\/mur-vegetal-hydro-hydroponie\/mur-vegetalise-24\/#primaryimage\",\"url\":\"https:\/\/hydropassion.com\/webZine\/wp-content\/uploads\/2012\/02\/241-1dumanue.jpg\",\"contentUrl\":\"https:\/\/hydropassion.com\/webZine\/wp-content\/uploads\/2012\/02\/241-1dumanue.jpg\",\"width\":\"3648\",\"height\":\"2736\",\"caption\":\"Table Duma nue\"},{\"@type\":\"BreadcrumbList\",\"@id\":\"https:\/\/hydropassion.com\/webZine\/mur-vegetal-hydro-hydroponie\/mur-vegetalise-24\/#breadcrumb\",\"itemListElement\":[{\"@type\":\"ListItem\",\"position\":1,\"name\":\"Accueil\",\"item\":\"https:\/\/hydropassion.com\/webZine\/\"},{\"@type\":\"ListItem\",\"position\":2,\"name\":\"Murs v\u00e9g\u00e9talis\u00e9s\",\"item\":\"https:\/\/hydropassion.com\/webZine\/mur-vegetal-hydro-hydroponie\/\"},{\"@type\":\"ListItem\",\"position\":3,\"name\":\"Murs v\u00e9g\u00e9talis\u00e9s (2\/5)\"}]},{\"@type\":\"WebSite\",\"@id\":\"https:\/\/hydropassion.com\/webZine\/#website\",\"url\":\"https:\/\/hydropassion.com\/webZine\/\",\"name\":\"Webzine Hydropassion Master Grower\",\"description\":\"Toute l&#039;actualit\u00e9 des cultures en substrat organique, hydroculture &amp; hydroponique.\",\"publisher\":{\"@id\":\"https:\/\/hydropassion.com\/webZine\/#organization\"},\"potentialAction\":[{\"@type\":\"SearchAction\",\"target\":{\"@type\":\"EntryPoint\",\"urlTemplate\":\"https:\/\/hydropassion.com\/webZine\/?s={search_term_string}\"},\"query-input\":{\"@type\":\"PropertyValueSpecification\",\"valueRequired\":true,\"valueName\":\"search_term_string\"}}],\"inLanguage\":\"fr-FR\"},{\"@type\":\"Organization\",\"@id\":\"https:\/\/hydropassion.com\/webZine\/#organization\",\"name\":\"Webzine Hydropassion Master Grower\",\"url\":\"https:\/\/hydropassion.com\/webZine\/\",\"logo\":{\"@type\":\"ImageObject\",\"inLanguage\":\"fr-FR\",\"@id\":\"https:\/\/hydropassion.com\/webZine\/#\/schema\/logo\/image\/\",\"url\":\"https:\/\/hydropassion.com\/webZine\/wp-content\/uploads\/2024\/12\/Logo_WebZine-Mascottes-001.png\",\"contentUrl\":\"https:\/\/hydropassion.com\/webZine\/wp-content\/uploads\/2024\/12\/Logo_WebZine-Mascottes-001.png\",\"width\":1500,\"height\":445,\"caption\":\"Webzine Hydropassion Master Grower\"},\"image\":{\"@id\":\"https:\/\/hydropassion.com\/webZine\/#\/schema\/logo\/image\/\"}}]}<\/script>\n<!-- \/ Yoast SEO plugin. -->","yoast_head_json":{"title":"Murs v\u00e9g\u00e9talis\u00e9s (2\/5) - WebZine Hydropassion","robots":{"index":"index","follow":"follow","max-snippet":"max-snippet:-1","max-image-preview":"max-image-preview:large","max-video-preview":"max-video-preview:-1"},"canonical":"https:\/\/hydropassion.com\/webZine\/mur-vegetal-hydro-hydroponie\/mur-vegetalise-24\/","og_locale":"fr_FR","og_type":"article","og_title":"Murs v\u00e9g\u00e9talis\u00e9s (2\/5) - WebZine Hydropassion","og_description":"PAGE 2\/5 Aller \u00e0 : 1 &#8211; 2 &#8211; 3 &#8211; 4 &#8211; 5 Choix de la pompe \u00e0 eau Pour irriguer le tableau v\u00e9g\u00e9tal, on utilisera une pompe d\u2019aquarium. Le choix de la pompe va d\u00e9pendre de la hauteur que l\u2019eau va avoir \u00e0 parcourir depuis le fond du r\u00e9servoir jusqu\u2019au trous d\u2019irrigation. Jusqu\u2019\u00e0 [&hellip;]","og_url":"https:\/\/hydropassion.com\/webZine\/mur-vegetal-hydro-hydroponie\/mur-vegetalise-24\/","og_site_name":"WebZine Hydropassion","article_modified_time":"2012-02-23T21:35:11+00:00","og_image":[{"url":"http:\/\/hydropassion.com\/webZine\/wp-content\/uploads\/2012\/02\/241-1dumanue-300x225.jpg","type":"","width":"","height":""}],"twitter_card":"summary_large_image","twitter_misc":{"Dur\u00e9e de lecture estim\u00e9e":"3 minutes"},"schema":{"@context":"https:\/\/schema.org","@graph":[{"@type":"WebPage","@id":"https:\/\/hydropassion.com\/webZine\/mur-vegetal-hydro-hydroponie\/mur-vegetalise-24\/","url":"https:\/\/hydropassion.com\/webZine\/mur-vegetal-hydro-hydroponie\/mur-vegetalise-24\/","name":"Murs v\u00e9g\u00e9talis\u00e9s (2\/5) - WebZine Hydropassion","isPartOf":{"@id":"https:\/\/hydropassion.com\/webZine\/#website"},"primaryImageOfPage":{"@id":"https:\/\/hydropassion.com\/webZine\/mur-vegetal-hydro-hydroponie\/mur-vegetalise-24\/#primaryimage"},"image":{"@id":"https:\/\/hydropassion.com\/webZine\/mur-vegetal-hydro-hydroponie\/mur-vegetalise-24\/#primaryimage"},"thumbnailUrl":"http:\/\/hydropassion.com\/webZine\/wp-content\/uploads\/2012\/02\/241-1dumanue-300x225.jpg","datePublished":"2012-02-23T20:58:53+00:00","dateModified":"2012-02-23T21:35:11+00:00","breadcrumb":{"@id":"https:\/\/hydropassion.com\/webZine\/mur-vegetal-hydro-hydroponie\/mur-vegetalise-24\/#breadcrumb"},"inLanguage":"fr-FR","potentialAction":[{"@type":"ReadAction","target":["https:\/\/hydropassion.com\/webZine\/mur-vegetal-hydro-hydroponie\/mur-vegetalise-24\/"]}]},{"@type":"ImageObject","inLanguage":"fr-FR","@id":"https:\/\/hydropassion.com\/webZine\/mur-vegetal-hydro-hydroponie\/mur-vegetalise-24\/#primaryimage","url":"https:\/\/hydropassion.com\/webZine\/wp-content\/uploads\/2012\/02\/241-1dumanue.jpg","contentUrl":"https:\/\/hydropassion.com\/webZine\/wp-content\/uploads\/2012\/02\/241-1dumanue.jpg","width":"3648","height":"2736","caption":"Table Duma nue"},{"@type":"BreadcrumbList","@id":"https:\/\/hydropassion.com\/webZine\/mur-vegetal-hydro-hydroponie\/mur-vegetalise-24\/#breadcrumb","itemListElement":[{"@type":"ListItem","position":1,"name":"Accueil","item":"https:\/\/hydropassion.com\/webZine\/"},{"@type":"ListItem","position":2,"name":"Murs v\u00e9g\u00e9talis\u00e9s","item":"https:\/\/hydropassion.com\/webZine\/mur-vegetal-hydro-hydroponie\/"},{"@type":"ListItem","position":3,"name":"Murs v\u00e9g\u00e9talis\u00e9s (2\/5)"}]},{"@type":"WebSite","@id":"https:\/\/hydropassion.com\/webZine\/#website","url":"https:\/\/hydropassion.com\/webZine\/","name":"Webzine Hydropassion Master Grower","description":"Toute l&#039;actualit\u00e9 des cultures en substrat organique, hydroculture &amp; hydroponique.","publisher":{"@id":"https:\/\/hydropassion.com\/webZine\/#organization"},"potentialAction":[{"@type":"SearchAction","target":{"@type":"EntryPoint","urlTemplate":"https:\/\/hydropassion.com\/webZine\/?s={search_term_string}"},"query-input":{"@type":"PropertyValueSpecification","valueRequired":true,"valueName":"search_term_string"}}],"inLanguage":"fr-FR"},{"@type":"Organization","@id":"https:\/\/hydropassion.com\/webZine\/#organization","name":"Webzine Hydropassion Master Grower","url":"https:\/\/hydropassion.com\/webZine\/","logo":{"@type":"ImageObject","inLanguage":"fr-FR","@id":"https:\/\/hydropassion.com\/webZine\/#\/schema\/logo\/image\/","url":"https:\/\/hydropassion.com\/webZine\/wp-content\/uploads\/2024\/12\/Logo_WebZine-Mascottes-001.png","contentUrl":"https:\/\/hydropassion.com\/webZine\/wp-content\/uploads\/2024\/12\/Logo_WebZine-Mascottes-001.png","width":1500,"height":445,"caption":"Webzine Hydropassion Master Grower"},"image":{"@id":"https:\/\/hydropassion.com\/webZine\/#\/schema\/logo\/image\/"}}]}},"_links":{"self":[{"href":"https:\/\/hydropassion.com\/webZine\/wp-json\/wp\/v2\/pages\/136","targetHints":{"allow":["GET"]}}],"collection":[{"href":"https:\/\/hydropassion.com\/webZine\/wp-json\/wp\/v2\/pages"}],"about":[{"href":"https:\/\/hydropassion.com\/webZine\/wp-json\/wp\/v2\/types\/page"}],"author":[{"embeddable":true,"href":"https:\/\/hydropassion.com\/webZine\/wp-json\/wp\/v2\/users\/3"}],"replies":[{"embeddable":true,"href":"https:\/\/hydropassion.com\/webZine\/wp-json\/wp\/v2\/comments?post=136"}],"version-history":[{"count":10,"href":"https:\/\/hydropassion.com\/webZine\/wp-json\/wp\/v2\/pages\/136\/revisions"}],"predecessor-version":[{"id":138,"href":"https:\/\/hydropassion.com\/webZine\/wp-json\/wp\/v2\/pages\/136\/revisions\/138"}],"up":[{"embeddable":true,"href":"https:\/\/hydropassion.com\/webZine\/wp-json\/wp\/v2\/pages\/86"}],"wp:attachment":[{"href":"https:\/\/hydropassion.com\/webZine\/wp-json\/wp\/v2\/media?parent=136"}],"curies":[{"name":"wp","href":"https:\/\/api.w.org\/{rel}","templated":true}]}}