{"id":140,"date":"2012-02-23T22:02:09","date_gmt":"2012-02-23T21:02:09","guid":{"rendered":"http:\/\/hydropassion.com\/webZine\/?page_id=140"},"modified":"2012-02-23T23:25:47","modified_gmt":"2012-02-23T22:25:47","slug":"murs-vegetalises-34","status":"publish","type":"page","link":"https:\/\/hydropassion.com\/webZine\/mur-vegetal-hydro-hydroponie\/murs-vegetalises-34\/","title":{"rendered":"Murs v\u00e9g\u00e9talis\u00e9s (3\/5)"},"content":{"rendered":"<h4 style=\"text-align: justify;\">PAGE 3\/5<br \/>\nAller \u00e0 : <a title=\"Murs v\u00e9g\u00e9talis\u00e9s\" href=\"https:\/\/hydropassion.com\/webZine\/mur-vegetal-hydro-hydroponie\">1<\/a> &#8211; <a title=\"Murs v\u00e9g\u00e9talis\u00e9s (2\/5)\" href=\"https:\/\/hydropassion.com\/webZine\/mur-vegetal-hydro-hydroponie\/mur-vegetalise-24\">2<\/a> &#8211; <a title=\"Murs v\u00e9g\u00e9talis\u00e9s (3\/5)\" href=\"https:\/\/hydropassion.com\/webZine\/mur-vegetal-hydro-hydroponie\/murs-vegetalises-34\">3<\/a> &#8211; <a title=\"Murs v\u00e9g\u00e9talis\u00e9s (4\/5)\" href=\"https:\/\/hydropassion.com\/webZine\/mur-vegetal-hydro-hydroponie\/murs-vegetalises-45\">4<\/a> &#8211; <a title=\"Murs v\u00e9g\u00e9talis\u00e9s (5\/5)\" href=\"https:\/\/hydropassion.com\/webZine\/mur-vegetal-hydro-hydroponie\/murs-vegetalises-55\">5<\/a><\/h4>\n<p style=\"text-align: justify;\">On sort les pains de laine de roche de leur emballage de plastique.<\/p>\n<h3 style=\"text-align: justify;\">Avertissement<\/h3>\n<p style=\"text-align: justify;\">La laine de roche est compos\u00e9e de fibres minuscules qui peuvent provoquer des allergies de la peau et des voies respiratoires. Lors de sa manipulation, il est indispensable de porter des gants et un masque anti-poussi\u00e8re. D\u00e8s la sortie de son emballage, il faut la vaporiser superficiellement d\u2019eau pour \u00e9viter la dispersion de fibres. En effet, une fois la laine de roche humidifi\u00e9e les fibres ne peuvent plus \u00ab\u00a0s\u2019envoler\u00a0\u00bb. Il est aussi recommand\u00e9 de la manipuler en ext\u00e9rieur afin de ne pas contaminer l\u2019habitat.<br \/>\nLes pains de laine de roche peuvent \u00eatre remplac\u00e9s par des pains de fibre de noix de coco. Il faut choisir le mod\u00e8le Cogr de la marque Canna qui sont les seuls \u00e0 avoir la stabilit\u00e9 m\u00e9canique n\u00e9cessaire. Ils sont vendus compress\u00e9s et lors de leur mise en place (cf. 243), on juxtapose les 5 pains secs dans le fond le la table et on les arrose pour les faire gonfler avec une solution nutritive pH 6 EC 1,2. Une fois qu\u2019ils ont pris tout leur volume, on peut continuer le montage comme pour la laine de roche.<\/p>\n<h4 style=\"text-align: justify;\">Figure 243-4 : Laine de roche et masque anti-poussi\u00e8re<\/h4>\n<p><a href=\"https:\/\/hydropassion.com\/webZine\/wp-content\/uploads\/2012\/02\/243-4masqeldr.jpg\"><img loading=\"lazy\" decoding=\"async\" class=\"alignnone size-medium wp-image-107\" title=\"243-4\" src=\"https:\/\/hydropassion.com\/webZine\/wp-content\/uploads\/2012\/02\/243-4masqeldr-300x225.jpg\" alt=\"Laine de roche et masque anti-poussi\u00e8re\" width=\"300\" height=\"225\" srcset=\"https:\/\/hydropassion.com\/webZine\/wp-content\/uploads\/2012\/02\/243-4masqeldr-300x225.jpg 300w, https:\/\/hydropassion.com\/webZine\/wp-content\/uploads\/2012\/02\/243-4masqeldr-1024x768.jpg 1024w\" sizes=\"auto, (max-width: 300px) 100vw, 300px\" \/><\/a><\/p>\n<h4 style=\"text-align: justify;\">Figure 243-5 : Humidification de la laine de roche<\/h4>\n<p><a href=\"https:\/\/hydropassion.com\/webZine\/wp-content\/uploads\/2012\/02\/243-5vapoldr.jpg\"><img loading=\"lazy\" decoding=\"async\" class=\"alignnone size-medium wp-image-108\" title=\"243-5\" src=\"https:\/\/hydropassion.com\/webZine\/wp-content\/uploads\/2012\/02\/243-5vapoldr-300x225.jpg\" alt=\"hydroculture\" width=\"300\" height=\"225\" srcset=\"https:\/\/hydropassion.com\/webZine\/wp-content\/uploads\/2012\/02\/243-5vapoldr-300x225.jpg 300w, https:\/\/hydropassion.com\/webZine\/wp-content\/uploads\/2012\/02\/243-5vapoldr-1024x768.jpg 1024w\" sizes=\"auto, (max-width: 300px) 100vw, 300px\" \/><\/a><\/p>\n<p style=\"text-align: justify;\">On place ces derniers bord \u00e0 bord sur le feutre apr\u00e8s avoir pris soin de les humidifier.<br \/>\nEnfin, on arrose la laine de roche avec 20 litres de solution nutritive \u00e0 un pH de 4,5-5 et EC 1,2 avec un stimulateur d\u2019enracinement. La laine de roche a un pH tr\u00e8s basique (environ 8), il convient donc de la tamponner en l\u2019arrosant d\u2019une solution tr\u00e8s acide avant de l\u2019utiliser.<\/p>\n<h4 style=\"text-align: justify;\">Figure 243-7 : Arrosage des pains de laine de roche<\/h4>\n<p><a href=\"https:\/\/hydropassion.com\/webZine\/wp-content\/uploads\/2012\/02\/243-7arrosageldr.jpg\"><img loading=\"lazy\" decoding=\"async\" class=\"alignnone size-medium wp-image-110\" title=\"243-7arrosageldr\" src=\"https:\/\/hydropassion.com\/webZine\/wp-content\/uploads\/2012\/02\/243-7arrosageldr-300x225.jpg\" alt=\"Arrosage des pains de laine de roche\" width=\"300\" height=\"225\" srcset=\"https:\/\/hydropassion.com\/webZine\/wp-content\/uploads\/2012\/02\/243-7arrosageldr-300x225.jpg 300w, https:\/\/hydropassion.com\/webZine\/wp-content\/uploads\/2012\/02\/243-7arrosageldr-1024x768.jpg 1024w\" sizes=\"auto, (max-width: 300px) 100vw, 300px\" \/><\/a><\/p>\n<p style=\"text-align: justify;\">Pliage du feutre horticole<br \/>\nOn repli le feutre sur la laine de roche et on d\u00e9coupe celui-ci \u00e0 une distance de 10 cm du bord de la table.<\/p>\n<h4 style=\"text-align: justify;\">Figure 244-1 : D\u00e9coupe du feutre<\/h4>\n<p><a href=\"https:\/\/hydropassion.com\/webZine\/wp-content\/uploads\/2012\/02\/244-1d%C3%A9coupeaquanap.jpg\"><img loading=\"lazy\" decoding=\"async\" class=\"alignnone size-medium wp-image-111\" title=\"244-1\" src=\"https:\/\/hydropassion.com\/webZine\/wp-content\/uploads\/2012\/02\/244-1d%C3%A9coupeaquanap-300x225.jpg\" alt=\"D\u00e9coupe du feutre\" width=\"300\" height=\"225\" \/><\/a><\/p>\n<p style=\"text-align: justify;\">On rabat tout d\u2019abord la couche de feutre du fond de la table sur la laine de roche et l\u2019on replie ensuite la partie sup\u00e9rieure qui part du sommet par-dessus.<\/p>\n<h4 style=\"text-align: justify;\">Figure 244-2 : Repli du feutre<\/h4>\n<p><a href=\"https:\/\/hydropassion.com\/webZine\/wp-content\/uploads\/2012\/02\/244-3pliage-du-feutre.jpg\"><img loading=\"lazy\" decoding=\"async\" class=\"alignnone size-medium wp-image-113\" title=\"244-3 pliage du feutre\" src=\"https:\/\/hydropassion.com\/webZine\/wp-content\/uploads\/2012\/02\/244-3pliage-du-feutre-300x225.jpg\" alt=\"Repli du feutre\" width=\"300\" height=\"225\" srcset=\"https:\/\/hydropassion.com\/webZine\/wp-content\/uploads\/2012\/02\/244-3pliage-du-feutre-300x225.jpg 300w, https:\/\/hydropassion.com\/webZine\/wp-content\/uploads\/2012\/02\/244-3pliage-du-feutre-1024x768.jpg 1024w\" sizes=\"auto, (max-width: 300px) 100vw, 300px\" \/><\/a><\/p>\n<p style=\"text-align: justify;\">Puis on ins\u00e8re la partie sup\u00e9rieure de feutre entre la paroi en plastique et la partie inf\u00e9rieure en prenant bien soin d\u2019\u00a0\u00ab\u00a0emballer\u00a0\u00bb au mieux la laine de roche, en partant du haut du tableau et en finissant par le bas.<\/p>\n<h4 style=\"text-align: justify;\">Figure 244-5 : Repli du feutre en bas<\/h4>\n<p><a href=\"https:\/\/hydropassion.com\/webZine\/wp-content\/uploads\/2012\/02\/244-5pliage-du-feutre.jpg\"><img loading=\"lazy\" decoding=\"async\" class=\"alignnone size-medium wp-image-121\" title=\"244-5\" src=\"https:\/\/hydropassion.com\/webZine\/wp-content\/uploads\/2012\/02\/244-5pliage-du-feutre-300x225.jpg\" alt=\"pliage du feutre\" width=\"300\" height=\"225\" srcset=\"https:\/\/hydropassion.com\/webZine\/wp-content\/uploads\/2012\/02\/244-5pliage-du-feutre-300x225.jpg 300w, https:\/\/hydropassion.com\/webZine\/wp-content\/uploads\/2012\/02\/244-5pliage-du-feutre-1024x768.jpg 1024w\" sizes=\"auto, (max-width: 300px) 100vw, 300px\" \/><\/a><\/p>\n<p style=\"text-align: justify;\">Le feutre doit \u00eatre dispos\u00e9 de fa\u00e7on homog\u00e8ne et sa surface ne doit pas comporter de pli.<\/p>\n<h4 style=\"text-align: justify;\">Figure 244-6 : Feutre pli\u00e9<\/h4>\n<p><a href=\"https:\/\/hydropassion.com\/webZine\/wp-content\/uploads\/2012\/02\/244-6-feutrepli%C3%A9.jpg\"><img loading=\"lazy\" decoding=\"async\" class=\"alignnone size-medium wp-image-122\" title=\"244-6 feutrepli\u00e9\" src=\"https:\/\/hydropassion.com\/webZine\/wp-content\/uploads\/2012\/02\/244-6-feutrepli%C3%A9-300x225.jpg\" alt=\"Feutre pli\u00e9\" width=\"300\" height=\"225\" \/><\/a><\/p>\n<p>&nbsp;<\/p>\n<h4 style=\"text-align: justify;\">PAGE 3\/5<br \/>\nAller \u00e0 : <a title=\"Murs v\u00e9g\u00e9talis\u00e9s\" href=\"https:\/\/hydropassion.com\/webZine\/mur-vegetal-hydro-hydroponie\">1<\/a> &#8211; <a title=\"Murs v\u00e9g\u00e9talis\u00e9s (2\/5)\" href=\"https:\/\/hydropassion.com\/webZine\/mur-vegetal-hydro-hydroponie\/mur-vegetalise-24\">2<\/a> &#8211; <a title=\"Murs v\u00e9g\u00e9talis\u00e9s (3\/5)\" href=\"https:\/\/hydropassion.com\/webZine\/mur-vegetal-hydro-hydroponie\/murs-vegetalises-34\">3<\/a> &#8211; <a title=\"Murs v\u00e9g\u00e9talis\u00e9s (4\/5)\" href=\"https:\/\/hydropassion.com\/webZine\/mur-vegetal-hydro-hydroponie\/murs-vegetalises-45\">4<\/a> &#8211; <a title=\"Murs v\u00e9g\u00e9talis\u00e9s (5\/5)\" href=\"https:\/\/hydropassion.com\/webZine\/mur-vegetal-hydro-hydroponie\/murs-vegetalises-55\">5<\/a><\/h4>\n","protected":false},"excerpt":{"rendered":"<p>PAGE 3\/5 Aller \u00e0 : 1 &#8211; 2 &#8211; 3 &#8211; 4 &#8211; 5 On sort les pains de laine de roche de leur emballage de plastique. Avertissement La laine de roche est compos\u00e9e de fibres minuscules qui peuvent provoquer des allergies de la peau et des voies respiratoires. Lors de sa manipulation, il est [&hellip;]<\/p>\n","protected":false},"author":3,"featured_media":0,"parent":86,"menu_order":1,"comment_status":"closed","ping_status":"closed","template":"","meta":{"_monsterinsights_skip_tracking":false,"_monsterinsights_sitenote_active":false,"_monsterinsights_sitenote_note":"","_monsterinsights_sitenote_category":0,"footnotes":""},"class_list":["post-140","page","type-page","status-publish","hentry"],"yoast_head":"<!-- This site is optimized with the Yoast SEO plugin v24.5 - https:\/\/yoast.com\/wordpress\/plugins\/seo\/ -->\n<title>Murs v\u00e9g\u00e9talis\u00e9s (3\/5) - WebZine Hydropassion<\/title>\n<meta name=\"robots\" content=\"index, follow, max-snippet:-1, max-image-preview:large, max-video-preview:-1\" \/>\n<link rel=\"canonical\" href=\"https:\/\/hydropassion.com\/webZine\/mur-vegetal-hydro-hydroponie\/murs-vegetalises-34\/\" \/>\n<meta property=\"og:locale\" content=\"fr_FR\" \/>\n<meta property=\"og:type\" content=\"article\" \/>\n<meta property=\"og:title\" content=\"Murs v\u00e9g\u00e9talis\u00e9s (3\/5) - WebZine Hydropassion\" \/>\n<meta property=\"og:description\" content=\"PAGE 3\/5 Aller \u00e0 : 1 &#8211; 2 &#8211; 3 &#8211; 4 &#8211; 5 On sort les pains de laine de roche de leur emballage de plastique. Avertissement La laine de roche est compos\u00e9e de fibres minuscules qui peuvent provoquer des allergies de la peau et des voies respiratoires. Lors de sa manipulation, il est [&hellip;]\" \/>\n<meta property=\"og:url\" content=\"https:\/\/hydropassion.com\/webZine\/mur-vegetal-hydro-hydroponie\/murs-vegetalises-34\/\" \/>\n<meta property=\"og:site_name\" content=\"WebZine Hydropassion\" \/>\n<meta property=\"article:modified_time\" content=\"2012-02-23T22:25:47+00:00\" \/>\n<meta property=\"og:image\" content=\"http:\/\/hydropassion.com\/webZine\/wp-content\/uploads\/2012\/02\/243-4masqeldr-300x225.jpg\" \/>\n<meta name=\"twitter:card\" content=\"summary_large_image\" \/>\n<meta name=\"twitter:label1\" content=\"Dur\u00e9e de lecture estim\u00e9e\" \/>\n\t<meta name=\"twitter:data1\" content=\"2 minutes\" \/>\n<script type=\"application\/ld+json\" class=\"yoast-schema-graph\">{\"@context\":\"https:\/\/schema.org\",\"@graph\":[{\"@type\":\"WebPage\",\"@id\":\"https:\/\/hydropassion.com\/webZine\/mur-vegetal-hydro-hydroponie\/murs-vegetalises-34\/\",\"url\":\"https:\/\/hydropassion.com\/webZine\/mur-vegetal-hydro-hydroponie\/murs-vegetalises-34\/\",\"name\":\"Murs v\u00e9g\u00e9talis\u00e9s (3\/5) - WebZine Hydropassion\",\"isPartOf\":{\"@id\":\"https:\/\/hydropassion.com\/webZine\/#website\"},\"primaryImageOfPage\":{\"@id\":\"https:\/\/hydropassion.com\/webZine\/mur-vegetal-hydro-hydroponie\/murs-vegetalises-34\/#primaryimage\"},\"image\":{\"@id\":\"https:\/\/hydropassion.com\/webZine\/mur-vegetal-hydro-hydroponie\/murs-vegetalises-34\/#primaryimage\"},\"thumbnailUrl\":\"http:\/\/hydropassion.com\/webZine\/wp-content\/uploads\/2012\/02\/243-4masqeldr-300x225.jpg\",\"datePublished\":\"2012-02-23T21:02:09+00:00\",\"dateModified\":\"2012-02-23T22:25:47+00:00\",\"breadcrumb\":{\"@id\":\"https:\/\/hydropassion.com\/webZine\/mur-vegetal-hydro-hydroponie\/murs-vegetalises-34\/#breadcrumb\"},\"inLanguage\":\"fr-FR\",\"potentialAction\":[{\"@type\":\"ReadAction\",\"target\":[\"https:\/\/hydropassion.com\/webZine\/mur-vegetal-hydro-hydroponie\/murs-vegetalises-34\/\"]}]},{\"@type\":\"ImageObject\",\"inLanguage\":\"fr-FR\",\"@id\":\"https:\/\/hydropassion.com\/webZine\/mur-vegetal-hydro-hydroponie\/murs-vegetalises-34\/#primaryimage\",\"url\":\"https:\/\/hydropassion.com\/webZine\/wp-content\/uploads\/2012\/02\/243-4masqeldr.jpg\",\"contentUrl\":\"https:\/\/hydropassion.com\/webZine\/wp-content\/uploads\/2012\/02\/243-4masqeldr.jpg\",\"width\":\"3648\",\"height\":\"2736\",\"caption\":\"Laine de roche et masque anti-poussi\u00e8re\"},{\"@type\":\"BreadcrumbList\",\"@id\":\"https:\/\/hydropassion.com\/webZine\/mur-vegetal-hydro-hydroponie\/murs-vegetalises-34\/#breadcrumb\",\"itemListElement\":[{\"@type\":\"ListItem\",\"position\":1,\"name\":\"Accueil\",\"item\":\"https:\/\/hydropassion.com\/webZine\/\"},{\"@type\":\"ListItem\",\"position\":2,\"name\":\"Murs v\u00e9g\u00e9talis\u00e9s\",\"item\":\"https:\/\/hydropassion.com\/webZine\/mur-vegetal-hydro-hydroponie\/\"},{\"@type\":\"ListItem\",\"position\":3,\"name\":\"Murs v\u00e9g\u00e9talis\u00e9s (3\/5)\"}]},{\"@type\":\"WebSite\",\"@id\":\"https:\/\/hydropassion.com\/webZine\/#website\",\"url\":\"https:\/\/hydropassion.com\/webZine\/\",\"name\":\"Webzine Hydropassion Master Grower\",\"description\":\"Toute l&#039;actualit\u00e9 des cultures en substrat organique, hydroculture &amp; hydroponique.\",\"publisher\":{\"@id\":\"https:\/\/hydropassion.com\/webZine\/#organization\"},\"potentialAction\":[{\"@type\":\"SearchAction\",\"target\":{\"@type\":\"EntryPoint\",\"urlTemplate\":\"https:\/\/hydropassion.com\/webZine\/?s={search_term_string}\"},\"query-input\":{\"@type\":\"PropertyValueSpecification\",\"valueRequired\":true,\"valueName\":\"search_term_string\"}}],\"inLanguage\":\"fr-FR\"},{\"@type\":\"Organization\",\"@id\":\"https:\/\/hydropassion.com\/webZine\/#organization\",\"name\":\"Webzine Hydropassion Master Grower\",\"url\":\"https:\/\/hydropassion.com\/webZine\/\",\"logo\":{\"@type\":\"ImageObject\",\"inLanguage\":\"fr-FR\",\"@id\":\"https:\/\/hydropassion.com\/webZine\/#\/schema\/logo\/image\/\",\"url\":\"https:\/\/hydropassion.com\/webZine\/wp-content\/uploads\/2024\/12\/Logo_WebZine-Mascottes-001.png\",\"contentUrl\":\"https:\/\/hydropassion.com\/webZine\/wp-content\/uploads\/2024\/12\/Logo_WebZine-Mascottes-001.png\",\"width\":1500,\"height\":445,\"caption\":\"Webzine Hydropassion Master Grower\"},\"image\":{\"@id\":\"https:\/\/hydropassion.com\/webZine\/#\/schema\/logo\/image\/\"}}]}<\/script>\n<!-- \/ Yoast SEO plugin. -->","yoast_head_json":{"title":"Murs v\u00e9g\u00e9talis\u00e9s (3\/5) - WebZine Hydropassion","robots":{"index":"index","follow":"follow","max-snippet":"max-snippet:-1","max-image-preview":"max-image-preview:large","max-video-preview":"max-video-preview:-1"},"canonical":"https:\/\/hydropassion.com\/webZine\/mur-vegetal-hydro-hydroponie\/murs-vegetalises-34\/","og_locale":"fr_FR","og_type":"article","og_title":"Murs v\u00e9g\u00e9talis\u00e9s (3\/5) - WebZine Hydropassion","og_description":"PAGE 3\/5 Aller \u00e0 : 1 &#8211; 2 &#8211; 3 &#8211; 4 &#8211; 5 On sort les pains de laine de roche de leur emballage de plastique. Avertissement La laine de roche est compos\u00e9e de fibres minuscules qui peuvent provoquer des allergies de la peau et des voies respiratoires. Lors de sa manipulation, il est [&hellip;]","og_url":"https:\/\/hydropassion.com\/webZine\/mur-vegetal-hydro-hydroponie\/murs-vegetalises-34\/","og_site_name":"WebZine Hydropassion","article_modified_time":"2012-02-23T22:25:47+00:00","og_image":[{"url":"http:\/\/hydropassion.com\/webZine\/wp-content\/uploads\/2012\/02\/243-4masqeldr-300x225.jpg","type":"","width":"","height":""}],"twitter_card":"summary_large_image","twitter_misc":{"Dur\u00e9e de lecture estim\u00e9e":"2 minutes"},"schema":{"@context":"https:\/\/schema.org","@graph":[{"@type":"WebPage","@id":"https:\/\/hydropassion.com\/webZine\/mur-vegetal-hydro-hydroponie\/murs-vegetalises-34\/","url":"https:\/\/hydropassion.com\/webZine\/mur-vegetal-hydro-hydroponie\/murs-vegetalises-34\/","name":"Murs v\u00e9g\u00e9talis\u00e9s (3\/5) - WebZine Hydropassion","isPartOf":{"@id":"https:\/\/hydropassion.com\/webZine\/#website"},"primaryImageOfPage":{"@id":"https:\/\/hydropassion.com\/webZine\/mur-vegetal-hydro-hydroponie\/murs-vegetalises-34\/#primaryimage"},"image":{"@id":"https:\/\/hydropassion.com\/webZine\/mur-vegetal-hydro-hydroponie\/murs-vegetalises-34\/#primaryimage"},"thumbnailUrl":"http:\/\/hydropassion.com\/webZine\/wp-content\/uploads\/2012\/02\/243-4masqeldr-300x225.jpg","datePublished":"2012-02-23T21:02:09+00:00","dateModified":"2012-02-23T22:25:47+00:00","breadcrumb":{"@id":"https:\/\/hydropassion.com\/webZine\/mur-vegetal-hydro-hydroponie\/murs-vegetalises-34\/#breadcrumb"},"inLanguage":"fr-FR","potentialAction":[{"@type":"ReadAction","target":["https:\/\/hydropassion.com\/webZine\/mur-vegetal-hydro-hydroponie\/murs-vegetalises-34\/"]}]},{"@type":"ImageObject","inLanguage":"fr-FR","@id":"https:\/\/hydropassion.com\/webZine\/mur-vegetal-hydro-hydroponie\/murs-vegetalises-34\/#primaryimage","url":"https:\/\/hydropassion.com\/webZine\/wp-content\/uploads\/2012\/02\/243-4masqeldr.jpg","contentUrl":"https:\/\/hydropassion.com\/webZine\/wp-content\/uploads\/2012\/02\/243-4masqeldr.jpg","width":"3648","height":"2736","caption":"Laine de roche et masque anti-poussi\u00e8re"},{"@type":"BreadcrumbList","@id":"https:\/\/hydropassion.com\/webZine\/mur-vegetal-hydro-hydroponie\/murs-vegetalises-34\/#breadcrumb","itemListElement":[{"@type":"ListItem","position":1,"name":"Accueil","item":"https:\/\/hydropassion.com\/webZine\/"},{"@type":"ListItem","position":2,"name":"Murs v\u00e9g\u00e9talis\u00e9s","item":"https:\/\/hydropassion.com\/webZine\/mur-vegetal-hydro-hydroponie\/"},{"@type":"ListItem","position":3,"name":"Murs v\u00e9g\u00e9talis\u00e9s (3\/5)"}]},{"@type":"WebSite","@id":"https:\/\/hydropassion.com\/webZine\/#website","url":"https:\/\/hydropassion.com\/webZine\/","name":"Webzine Hydropassion Master Grower","description":"Toute l&#039;actualit\u00e9 des cultures en substrat organique, hydroculture &amp; hydroponique.","publisher":{"@id":"https:\/\/hydropassion.com\/webZine\/#organization"},"potentialAction":[{"@type":"SearchAction","target":{"@type":"EntryPoint","urlTemplate":"https:\/\/hydropassion.com\/webZine\/?s={search_term_string}"},"query-input":{"@type":"PropertyValueSpecification","valueRequired":true,"valueName":"search_term_string"}}],"inLanguage":"fr-FR"},{"@type":"Organization","@id":"https:\/\/hydropassion.com\/webZine\/#organization","name":"Webzine Hydropassion Master Grower","url":"https:\/\/hydropassion.com\/webZine\/","logo":{"@type":"ImageObject","inLanguage":"fr-FR","@id":"https:\/\/hydropassion.com\/webZine\/#\/schema\/logo\/image\/","url":"https:\/\/hydropassion.com\/webZine\/wp-content\/uploads\/2024\/12\/Logo_WebZine-Mascottes-001.png","contentUrl":"https:\/\/hydropassion.com\/webZine\/wp-content\/uploads\/2024\/12\/Logo_WebZine-Mascottes-001.png","width":1500,"height":445,"caption":"Webzine Hydropassion Master Grower"},"image":{"@id":"https:\/\/hydropassion.com\/webZine\/#\/schema\/logo\/image\/"}}]}},"_links":{"self":[{"href":"https:\/\/hydropassion.com\/webZine\/wp-json\/wp\/v2\/pages\/140","targetHints":{"allow":["GET"]}}],"collection":[{"href":"https:\/\/hydropassion.com\/webZine\/wp-json\/wp\/v2\/pages"}],"about":[{"href":"https:\/\/hydropassion.com\/webZine\/wp-json\/wp\/v2\/types\/page"}],"author":[{"embeddable":true,"href":"https:\/\/hydropassion.com\/webZine\/wp-json\/wp\/v2\/users\/3"}],"replies":[{"embeddable":true,"href":"https:\/\/hydropassion.com\/webZine\/wp-json\/wp\/v2\/comments?post=140"}],"version-history":[{"count":12,"href":"https:\/\/hydropassion.com\/webZine\/wp-json\/wp\/v2\/pages\/140\/revisions"}],"predecessor-version":[{"id":159,"href":"https:\/\/hydropassion.com\/webZine\/wp-json\/wp\/v2\/pages\/140\/revisions\/159"}],"up":[{"embeddable":true,"href":"https:\/\/hydropassion.com\/webZine\/wp-json\/wp\/v2\/pages\/86"}],"wp:attachment":[{"href":"https:\/\/hydropassion.com\/webZine\/wp-json\/wp\/v2\/media?parent=140"}],"curies":[{"name":"wp","href":"https:\/\/api.w.org\/{rel}","templated":true}]}}