{"id":145,"date":"2012-02-23T22:05:51","date_gmt":"2012-02-23T21:05:51","guid":{"rendered":"http:\/\/hydropassion.com\/webZine\/?page_id=145"},"modified":"2012-02-23T23:24:34","modified_gmt":"2012-02-23T22:24:34","slug":"murs-vegetalises-45","status":"publish","type":"page","link":"https:\/\/hydropassion.com\/webZine\/mur-vegetal-hydro-hydroponie\/murs-vegetalises-45\/","title":{"rendered":"Murs v\u00e9g\u00e9talis\u00e9s (4\/5)"},"content":{"rendered":"<h4 style=\"text-align: justify;\">PAGE 4\/5<br \/>\nAller \u00e0 : <a title=\"Murs v\u00e9g\u00e9talis\u00e9s\" href=\"https:\/\/hydropassion.com\/webZine\/mur-vegetal-hydro-hydroponie\">1<\/a> &#8211; <a title=\"Murs v\u00e9g\u00e9talis\u00e9s (2\/5)\" href=\"https:\/\/hydropassion.com\/webZine\/mur-vegetal-hydro-hydroponie\/mur-vegetalise-24\">2<\/a> &#8211; <a title=\"Murs v\u00e9g\u00e9talis\u00e9s (3\/5)\" href=\"https:\/\/hydropassion.com\/webZine\/mur-vegetal-hydro-hydroponie\/murs-vegetalises-34\">3<\/a> &#8211; <a title=\"Murs v\u00e9g\u00e9talis\u00e9s (4\/5)\" href=\"https:\/\/hydropassion.com\/webZine\/mur-vegetal-hydro-hydroponie\/murs-vegetalises-45\">4<\/a> &#8211; <a title=\"Murs v\u00e9g\u00e9talis\u00e9s (5\/5)\" href=\"https:\/\/hydropassion.com\/webZine\/mur-vegetal-hydro-hydroponie\/murs-vegetalises-55\">5<\/a><\/h4>\n<h3>Fixation du grillage<\/h3>\n<p>Reste maintenant \u00e0 fixer le grillage qui maintiendra le substrat en place au moyen de 4 sections de profil d\u2019aluminium (deux de 1m20 et deux de 90 cm)\u00a0 qu\u2019on rivette sur les rebords de la table. On commence par d\u00e9rouler le grillage sur la table.<\/p>\n<h4>Figure 245-1 : Mat\u00e9riel grillage<\/h4>\n<p><a href=\"https:\/\/hydropassion.com\/webZine\/wp-content\/uploads\/2012\/02\/245-1MaterielIMGP0254.jpg\"><img loading=\"lazy\" decoding=\"async\" title=\"245-1MaterielIMGP0254\" src=\"https:\/\/hydropassion.com\/webZine\/wp-content\/uploads\/2012\/02\/245-1MaterielIMGP0254-300x225.jpg\" alt=\"Mat\u00e9riel grillage\" width=\"300\" height=\"225\" \/><\/a><\/p>\n<p>On fixe le premier profil de 1m20 sur un bord lat\u00e9ral avec les 4 serre-joints \u00e9galement r\u00e9partis. Il faut disposer le bord du profil exactement \u00e0 l\u2019aplomb du rebord de la table de fa\u00e7on \u00e0 ce qu\u2019il y ait suffisamment d\u2019espace pour la rondelle qui maintiendra le rivet pop. Pour cette \u00e9tape, on laissera juste d\u00e9passer du profil le bord du grillage.<\/p>\n<h4>Figure 245-2 : Pose des serre-joints<\/h4>\n<p><a href=\"https:\/\/hydropassion.com\/webZine\/wp-content\/uploads\/2012\/02\/245-2serrejointIMGP0261.jpg\"><img loading=\"lazy\" decoding=\"async\" title=\"245-2serrejointIMGP0261\" src=\"https:\/\/hydropassion.com\/webZine\/wp-content\/uploads\/2012\/02\/245-2serrejointIMGP0261-300x225.jpg\" alt=\"Serre joint\" width=\"300\" height=\"225\" \/><\/a><\/p>\n<p>On perce l\u2019ensemble table\/profil au milieu de celui-ci en commen\u00e7ant par un angle de la table \u00e0 environ 1cm du bord. Puis on rivette cet ensemble par le dessus en maintenant le rivet dans une rondelle\u00a0 plaqu\u00e9e contre la face inf\u00e9rieure du rebord de la table.<\/p>\n<h4>Figure 245-3 : Per\u00e7age<\/h4>\n<p><a href=\"https:\/\/hydropassion.com\/webZine\/wp-content\/uploads\/2012\/02\/245-3per%C3%A7aceprofiltableangleIMGP0263.jpg\"><img loading=\"lazy\" decoding=\"async\" title=\"245-3per\u00e7aceprofiltableangleIMGP0263\" src=\"https:\/\/hydropassion.com\/webZine\/wp-content\/uploads\/2012\/02\/245-3per%C3%A7aceprofiltableangleIMGP0263-300x225.jpg\" alt=\"Per\u00e7age profil de la table\" width=\"300\" height=\"225\" \/><\/a><\/p>\n<p>On renouvelle l\u2019op\u00e9ration en espa\u00e7ant les rivets de 10,5cm jusqu\u2019\u00e0 atteindre l\u2019autre coin de la table. On prendra bien garde \u00e0 r\u00e9ajuster r\u00e9guli\u00e8rement l\u2019alignement du profil, du grillage et du rebord de la table, qui ont tendance \u00e0 glisser les uns sur les autres au moment o\u00f9 on rivette.<\/p>\n<h4>Figure 245-5 : Rivets tous les 10,5 cm<\/h4>\n<p><a href=\"https:\/\/hydropassion.com\/webZine\/wp-content\/uploads\/2012\/02\/245-5rivet-105-cmGP0268.jpg\"><img loading=\"lazy\" decoding=\"async\" title=\"245-5rivet 10,5 cmGP0268\" src=\"https:\/\/hydropassion.com\/webZine\/wp-content\/uploads\/2012\/02\/245-5rivet-105-cmGP0268-300x225.jpg\" alt=\"Rivets tous les 10,5 cm\" width=\"300\" height=\"225\" \/><\/a><\/p>\n<p>On peut maintenant passer \u00e0 l\u2019autre cot\u00e9. Il est ici important de bien tendre le filet et de l\u2019aplanir avec la main contre le feutre pour assurer un bon maintient du substrat.<\/p>\n<h4>Figure 245-6 : Bien tendre le filet<\/h4>\n<p><a href=\"https:\/\/hydropassion.com\/webZine\/wp-content\/uploads\/2012\/02\/245-6tendre-filetIMGP0269.jpg\"><img loading=\"lazy\" decoding=\"async\" title=\"245-6tendre filetIMGP0269\" src=\"https:\/\/hydropassion.com\/webZine\/wp-content\/uploads\/2012\/02\/245-6tendre-filetIMGP0269-300x225.jpg\" alt=\"Bien tendre le filet\" width=\"300\" height=\"225\" \/><\/a><\/p>\n<p>On renouvelle le rivetage de ce cot\u00e9 avec la m\u00eame m\u00e9thode que pr\u00e9c\u00e9demment. Afin de pouvoir fixer les serre-joints, on pratique des entailles dans le grillage au niveau o\u00f9 on les installe. Pour s\u2019assurer d\u2019un bon alignement, on peut s\u2019aider de rivets que l\u2019on place dans les mailles le long du bord de la table en suivant une trame.<\/p>\n<h4>Figure 245-8 : On entaille le grillage<\/h4>\n<p><a href=\"https:\/\/hydropassion.com\/webZine\/wp-content\/uploads\/2012\/02\/245-8d%C3%A9coupe-grillageIMGP0272.jpg\"><img loading=\"lazy\" decoding=\"async\" title=\"245-8d\u00e9coupe grillageIMGP0272\" src=\"https:\/\/hydropassion.com\/webZine\/wp-content\/uploads\/2012\/02\/245-8d%C3%A9coupe-grillageIMGP0272-300x225.jpg\" alt=\"D\u00e9coupe du grillage\" width=\"300\" height=\"225\" \/><\/a><\/p>\n<h4>Figure 245-9 : Rivets pour l\u2019alignement<\/h4>\n<p><a href=\"https:\/\/hydropassion.com\/webZine\/wp-content\/uploads\/2012\/02\/245-9rivetpouralignementIMGP0274.jpg\"><img loading=\"lazy\" decoding=\"async\" title=\"245-9rivetpouralignementIMGP0274\" src=\"https:\/\/hydropassion.com\/webZine\/wp-content\/uploads\/2012\/02\/245-9rivetpouralignementIMGP0274-300x225.jpg\" alt=\"Rivet pour l'alignement\" width=\"300\" height=\"225\" \/><\/a><\/p>\n<p>Enfin on fixe le grillage sur les bords inf\u00e9rieur et sup\u00e9rieur de la table suivant la m\u00eame m\u00e9thode, apr\u00e8s avoir coup\u00e9 les profils \u00e0 la bonne longueur (environ 77cm) de fa\u00e7on \u00e0 ce que ceux-ci s\u2019intercalent bord \u00e0 bord entre les pr\u00e9c\u00e9dents. Du c\u00f4t\u00e9 o\u00f9 le rouleau d\u00e9passe, on coupera le grillage \u00e0 10cm du bord pour faciliter la pose. Il est important de bien tendre le grillage comme pr\u00e9c\u00e9demment.<\/p>\n<h4>Figure 245-11 : Fixation bord inf\u00e9rieur<\/h4>\n<p><a href=\"https:\/\/hydropassion.com\/webZine\/wp-content\/uploads\/2012\/02\/245-11BORDINFIMGP0288.jpg\"><img loading=\"lazy\" decoding=\"async\" title=\"245-11BORDINFIMGP0288\" src=\"https:\/\/hydropassion.com\/webZine\/wp-content\/uploads\/2012\/02\/245-11BORDINFIMGP0288-300x225.jpg\" alt=\"Finition des bords\" width=\"300\" height=\"225\" \/><\/a><\/p>\n<p>Reste maintenant \u00e0 couper les bouts de profil au ras de la table avec une scie \u00e0 m\u00e9taux et le grillage avec des ciseaux.<\/p>\n<h4>Figure 245-13 : Le tableau est maintenant pr\u00eat \u00e0 accueillir les plantes<\/h4>\n<p><a href=\"https:\/\/hydropassion.com\/webZine\/wp-content\/uploads\/2012\/02\/245-13pret%C3%A0planterIMGP0292.jpg\"><img loading=\"lazy\" decoding=\"async\" title=\"245-13pret\u00e0planterIMGP0292\" src=\"https:\/\/hydropassion.com\/webZine\/wp-content\/uploads\/2012\/02\/245-13pret%C3%A0planterIMGP0292-300x225.jpg\" alt=\"C'est pret \u00e0 planter\" width=\"300\" height=\"225\" \/><\/a><\/p>\n<p>&nbsp;<\/p>\n<h4 style=\"text-align: justify;\">PAGE 4\/5<br \/>\nAller \u00e0 : <a title=\"Murs v\u00e9g\u00e9talis\u00e9s\" href=\"https:\/\/hydropassion.com\/webZine\/mur-vegetal-hydro-hydroponie\">1<\/a> &#8211; <a title=\"Murs v\u00e9g\u00e9talis\u00e9s (2\/5)\" href=\"https:\/\/hydropassion.com\/webZine\/mur-vegetal-hydro-hydroponie\/mur-vegetalise-24\">2<\/a> &#8211; <a title=\"Murs v\u00e9g\u00e9talis\u00e9s (3\/5)\" href=\"https:\/\/hydropassion.com\/webZine\/mur-vegetal-hydro-hydroponie\/murs-vegetalises-34\">3<\/a> &#8211; <a title=\"Murs v\u00e9g\u00e9talis\u00e9s (4\/5)\" href=\"https:\/\/hydropassion.com\/webZine\/mur-vegetal-hydro-hydroponie\/murs-vegetalises-45\">4<\/a> &#8211; <a title=\"Murs v\u00e9g\u00e9talis\u00e9s (5\/5)\" href=\"https:\/\/hydropassion.com\/webZine\/mur-vegetal-hydro-hydroponie\/murs-vegetalises-55\">5<\/a><\/h4>\n","protected":false},"excerpt":{"rendered":"<p>PAGE 4\/5 Aller \u00e0 : 1 &#8211; 2 &#8211; 3 &#8211; 4 &#8211; 5 Fixation du grillage Reste maintenant \u00e0 fixer le grillage qui maintiendra le substrat en place au moyen de 4 sections de profil d\u2019aluminium (deux de 1m20 et deux de 90 cm)\u00a0 qu\u2019on rivette sur les rebords de la table. On commence [&hellip;]<\/p>\n","protected":false},"author":3,"featured_media":0,"parent":86,"menu_order":2,"comment_status":"closed","ping_status":"open","template":"","meta":{"_monsterinsights_skip_tracking":false,"_monsterinsights_sitenote_active":false,"_monsterinsights_sitenote_note":"","_monsterinsights_sitenote_category":0,"footnotes":""},"class_list":["post-145","page","type-page","status-publish","hentry"],"yoast_head":"<!-- This site is optimized with the Yoast SEO plugin v24.5 - https:\/\/yoast.com\/wordpress\/plugins\/seo\/ -->\n<title>Murs v\u00e9g\u00e9talis\u00e9s (4\/5) - WebZine Hydropassion<\/title>\n<meta name=\"robots\" content=\"index, follow, max-snippet:-1, max-image-preview:large, max-video-preview:-1\" \/>\n<link rel=\"canonical\" href=\"https:\/\/hydropassion.com\/webZine\/mur-vegetal-hydro-hydroponie\/murs-vegetalises-45\/\" \/>\n<meta property=\"og:locale\" content=\"fr_FR\" \/>\n<meta property=\"og:type\" content=\"article\" \/>\n<meta property=\"og:title\" content=\"Murs v\u00e9g\u00e9talis\u00e9s (4\/5) - WebZine Hydropassion\" \/>\n<meta property=\"og:description\" content=\"PAGE 4\/5 Aller \u00e0 : 1 &#8211; 2 &#8211; 3 &#8211; 4 &#8211; 5 Fixation du grillage Reste maintenant \u00e0 fixer le grillage qui maintiendra le substrat en place au moyen de 4 sections de profil d\u2019aluminium (deux de 1m20 et deux de 90 cm)\u00a0 qu\u2019on rivette sur les rebords de la table. On commence [&hellip;]\" \/>\n<meta property=\"og:url\" content=\"https:\/\/hydropassion.com\/webZine\/mur-vegetal-hydro-hydroponie\/murs-vegetalises-45\/\" \/>\n<meta property=\"og:site_name\" content=\"WebZine Hydropassion\" \/>\n<meta property=\"article:modified_time\" content=\"2012-02-23T22:24:34+00:00\" \/>\n<meta property=\"og:image\" content=\"http:\/\/hydropassion.com\/webZine\/wp-content\/uploads\/2012\/02\/245-1MaterielIMGP0254-300x225.jpg\" \/>\n<meta name=\"twitter:card\" content=\"summary_large_image\" \/>\n<meta name=\"twitter:label1\" content=\"Dur\u00e9e de lecture estim\u00e9e\" \/>\n\t<meta name=\"twitter:data1\" content=\"2 minutes\" \/>\n<script type=\"application\/ld+json\" class=\"yoast-schema-graph\">{\"@context\":\"https:\/\/schema.org\",\"@graph\":[{\"@type\":\"WebPage\",\"@id\":\"https:\/\/hydropassion.com\/webZine\/mur-vegetal-hydro-hydroponie\/murs-vegetalises-45\/\",\"url\":\"https:\/\/hydropassion.com\/webZine\/mur-vegetal-hydro-hydroponie\/murs-vegetalises-45\/\",\"name\":\"Murs v\u00e9g\u00e9talis\u00e9s (4\/5) - WebZine Hydropassion\",\"isPartOf\":{\"@id\":\"https:\/\/hydropassion.com\/webZine\/#website\"},\"primaryImageOfPage\":{\"@id\":\"https:\/\/hydropassion.com\/webZine\/mur-vegetal-hydro-hydroponie\/murs-vegetalises-45\/#primaryimage\"},\"image\":{\"@id\":\"https:\/\/hydropassion.com\/webZine\/mur-vegetal-hydro-hydroponie\/murs-vegetalises-45\/#primaryimage\"},\"thumbnailUrl\":\"http:\/\/hydropassion.com\/webZine\/wp-content\/uploads\/2012\/02\/245-1MaterielIMGP0254-300x225.jpg\",\"datePublished\":\"2012-02-23T21:05:51+00:00\",\"dateModified\":\"2012-02-23T22:24:34+00:00\",\"breadcrumb\":{\"@id\":\"https:\/\/hydropassion.com\/webZine\/mur-vegetal-hydro-hydroponie\/murs-vegetalises-45\/#breadcrumb\"},\"inLanguage\":\"fr-FR\",\"potentialAction\":[{\"@type\":\"ReadAction\",\"target\":[\"https:\/\/hydropassion.com\/webZine\/mur-vegetal-hydro-hydroponie\/murs-vegetalises-45\/\"]}]},{\"@type\":\"ImageObject\",\"inLanguage\":\"fr-FR\",\"@id\":\"https:\/\/hydropassion.com\/webZine\/mur-vegetal-hydro-hydroponie\/murs-vegetalises-45\/#primaryimage\",\"url\":\"https:\/\/hydropassion.com\/webZine\/wp-content\/uploads\/2012\/02\/245-1MaterielIMGP0254.jpg\",\"contentUrl\":\"https:\/\/hydropassion.com\/webZine\/wp-content\/uploads\/2012\/02\/245-1MaterielIMGP0254.jpg\",\"width\":\"3648\",\"height\":\"2736\",\"caption\":\"Mat\u00e9riel grillage\"},{\"@type\":\"BreadcrumbList\",\"@id\":\"https:\/\/hydropassion.com\/webZine\/mur-vegetal-hydro-hydroponie\/murs-vegetalises-45\/#breadcrumb\",\"itemListElement\":[{\"@type\":\"ListItem\",\"position\":1,\"name\":\"Accueil\",\"item\":\"https:\/\/hydropassion.com\/webZine\/\"},{\"@type\":\"ListItem\",\"position\":2,\"name\":\"Murs v\u00e9g\u00e9talis\u00e9s\",\"item\":\"https:\/\/hydropassion.com\/webZine\/mur-vegetal-hydro-hydroponie\/\"},{\"@type\":\"ListItem\",\"position\":3,\"name\":\"Murs v\u00e9g\u00e9talis\u00e9s (4\/5)\"}]},{\"@type\":\"WebSite\",\"@id\":\"https:\/\/hydropassion.com\/webZine\/#website\",\"url\":\"https:\/\/hydropassion.com\/webZine\/\",\"name\":\"Webzine Hydropassion Master Grower\",\"description\":\"Toute l&#039;actualit\u00e9 des cultures en substrat organique, hydroculture &amp; hydroponique.\",\"publisher\":{\"@id\":\"https:\/\/hydropassion.com\/webZine\/#organization\"},\"potentialAction\":[{\"@type\":\"SearchAction\",\"target\":{\"@type\":\"EntryPoint\",\"urlTemplate\":\"https:\/\/hydropassion.com\/webZine\/?s={search_term_string}\"},\"query-input\":{\"@type\":\"PropertyValueSpecification\",\"valueRequired\":true,\"valueName\":\"search_term_string\"}}],\"inLanguage\":\"fr-FR\"},{\"@type\":\"Organization\",\"@id\":\"https:\/\/hydropassion.com\/webZine\/#organization\",\"name\":\"Webzine Hydropassion Master Grower\",\"url\":\"https:\/\/hydropassion.com\/webZine\/\",\"logo\":{\"@type\":\"ImageObject\",\"inLanguage\":\"fr-FR\",\"@id\":\"https:\/\/hydropassion.com\/webZine\/#\/schema\/logo\/image\/\",\"url\":\"https:\/\/hydropassion.com\/webZine\/wp-content\/uploads\/2024\/12\/Logo_WebZine-Mascottes-001.png\",\"contentUrl\":\"https:\/\/hydropassion.com\/webZine\/wp-content\/uploads\/2024\/12\/Logo_WebZine-Mascottes-001.png\",\"width\":1500,\"height\":445,\"caption\":\"Webzine Hydropassion Master Grower\"},\"image\":{\"@id\":\"https:\/\/hydropassion.com\/webZine\/#\/schema\/logo\/image\/\"}}]}<\/script>\n<!-- \/ Yoast SEO plugin. -->","yoast_head_json":{"title":"Murs v\u00e9g\u00e9talis\u00e9s (4\/5) - WebZine Hydropassion","robots":{"index":"index","follow":"follow","max-snippet":"max-snippet:-1","max-image-preview":"max-image-preview:large","max-video-preview":"max-video-preview:-1"},"canonical":"https:\/\/hydropassion.com\/webZine\/mur-vegetal-hydro-hydroponie\/murs-vegetalises-45\/","og_locale":"fr_FR","og_type":"article","og_title":"Murs v\u00e9g\u00e9talis\u00e9s (4\/5) - WebZine Hydropassion","og_description":"PAGE 4\/5 Aller \u00e0 : 1 &#8211; 2 &#8211; 3 &#8211; 4 &#8211; 5 Fixation du grillage Reste maintenant \u00e0 fixer le grillage qui maintiendra le substrat en place au moyen de 4 sections de profil d\u2019aluminium (deux de 1m20 et deux de 90 cm)\u00a0 qu\u2019on rivette sur les rebords de la table. On commence [&hellip;]","og_url":"https:\/\/hydropassion.com\/webZine\/mur-vegetal-hydro-hydroponie\/murs-vegetalises-45\/","og_site_name":"WebZine Hydropassion","article_modified_time":"2012-02-23T22:24:34+00:00","og_image":[{"url":"http:\/\/hydropassion.com\/webZine\/wp-content\/uploads\/2012\/02\/245-1MaterielIMGP0254-300x225.jpg","type":"","width":"","height":""}],"twitter_card":"summary_large_image","twitter_misc":{"Dur\u00e9e de lecture estim\u00e9e":"2 minutes"},"schema":{"@context":"https:\/\/schema.org","@graph":[{"@type":"WebPage","@id":"https:\/\/hydropassion.com\/webZine\/mur-vegetal-hydro-hydroponie\/murs-vegetalises-45\/","url":"https:\/\/hydropassion.com\/webZine\/mur-vegetal-hydro-hydroponie\/murs-vegetalises-45\/","name":"Murs v\u00e9g\u00e9talis\u00e9s (4\/5) - WebZine Hydropassion","isPartOf":{"@id":"https:\/\/hydropassion.com\/webZine\/#website"},"primaryImageOfPage":{"@id":"https:\/\/hydropassion.com\/webZine\/mur-vegetal-hydro-hydroponie\/murs-vegetalises-45\/#primaryimage"},"image":{"@id":"https:\/\/hydropassion.com\/webZine\/mur-vegetal-hydro-hydroponie\/murs-vegetalises-45\/#primaryimage"},"thumbnailUrl":"http:\/\/hydropassion.com\/webZine\/wp-content\/uploads\/2012\/02\/245-1MaterielIMGP0254-300x225.jpg","datePublished":"2012-02-23T21:05:51+00:00","dateModified":"2012-02-23T22:24:34+00:00","breadcrumb":{"@id":"https:\/\/hydropassion.com\/webZine\/mur-vegetal-hydro-hydroponie\/murs-vegetalises-45\/#breadcrumb"},"inLanguage":"fr-FR","potentialAction":[{"@type":"ReadAction","target":["https:\/\/hydropassion.com\/webZine\/mur-vegetal-hydro-hydroponie\/murs-vegetalises-45\/"]}]},{"@type":"ImageObject","inLanguage":"fr-FR","@id":"https:\/\/hydropassion.com\/webZine\/mur-vegetal-hydro-hydroponie\/murs-vegetalises-45\/#primaryimage","url":"https:\/\/hydropassion.com\/webZine\/wp-content\/uploads\/2012\/02\/245-1MaterielIMGP0254.jpg","contentUrl":"https:\/\/hydropassion.com\/webZine\/wp-content\/uploads\/2012\/02\/245-1MaterielIMGP0254.jpg","width":"3648","height":"2736","caption":"Mat\u00e9riel grillage"},{"@type":"BreadcrumbList","@id":"https:\/\/hydropassion.com\/webZine\/mur-vegetal-hydro-hydroponie\/murs-vegetalises-45\/#breadcrumb","itemListElement":[{"@type":"ListItem","position":1,"name":"Accueil","item":"https:\/\/hydropassion.com\/webZine\/"},{"@type":"ListItem","position":2,"name":"Murs v\u00e9g\u00e9talis\u00e9s","item":"https:\/\/hydropassion.com\/webZine\/mur-vegetal-hydro-hydroponie\/"},{"@type":"ListItem","position":3,"name":"Murs v\u00e9g\u00e9talis\u00e9s (4\/5)"}]},{"@type":"WebSite","@id":"https:\/\/hydropassion.com\/webZine\/#website","url":"https:\/\/hydropassion.com\/webZine\/","name":"Webzine Hydropassion Master Grower","description":"Toute l&#039;actualit\u00e9 des cultures en substrat organique, hydroculture &amp; hydroponique.","publisher":{"@id":"https:\/\/hydropassion.com\/webZine\/#organization"},"potentialAction":[{"@type":"SearchAction","target":{"@type":"EntryPoint","urlTemplate":"https:\/\/hydropassion.com\/webZine\/?s={search_term_string}"},"query-input":{"@type":"PropertyValueSpecification","valueRequired":true,"valueName":"search_term_string"}}],"inLanguage":"fr-FR"},{"@type":"Organization","@id":"https:\/\/hydropassion.com\/webZine\/#organization","name":"Webzine Hydropassion Master Grower","url":"https:\/\/hydropassion.com\/webZine\/","logo":{"@type":"ImageObject","inLanguage":"fr-FR","@id":"https:\/\/hydropassion.com\/webZine\/#\/schema\/logo\/image\/","url":"https:\/\/hydropassion.com\/webZine\/wp-content\/uploads\/2024\/12\/Logo_WebZine-Mascottes-001.png","contentUrl":"https:\/\/hydropassion.com\/webZine\/wp-content\/uploads\/2024\/12\/Logo_WebZine-Mascottes-001.png","width":1500,"height":445,"caption":"Webzine Hydropassion Master Grower"},"image":{"@id":"https:\/\/hydropassion.com\/webZine\/#\/schema\/logo\/image\/"}}]}},"_links":{"self":[{"href":"https:\/\/hydropassion.com\/webZine\/wp-json\/wp\/v2\/pages\/145","targetHints":{"allow":["GET"]}}],"collection":[{"href":"https:\/\/hydropassion.com\/webZine\/wp-json\/wp\/v2\/pages"}],"about":[{"href":"https:\/\/hydropassion.com\/webZine\/wp-json\/wp\/v2\/types\/page"}],"author":[{"embeddable":true,"href":"https:\/\/hydropassion.com\/webZine\/wp-json\/wp\/v2\/users\/3"}],"replies":[{"embeddable":true,"href":"https:\/\/hydropassion.com\/webZine\/wp-json\/wp\/v2\/comments?post=145"}],"version-history":[{"count":6,"href":"https:\/\/hydropassion.com\/webZine\/wp-json\/wp\/v2\/pages\/145\/revisions"}],"predecessor-version":[{"id":156,"href":"https:\/\/hydropassion.com\/webZine\/wp-json\/wp\/v2\/pages\/145\/revisions\/156"}],"up":[{"embeddable":true,"href":"https:\/\/hydropassion.com\/webZine\/wp-json\/wp\/v2\/pages\/86"}],"wp:attachment":[{"href":"https:\/\/hydropassion.com\/webZine\/wp-json\/wp\/v2\/media?parent=145"}],"curies":[{"name":"wp","href":"https:\/\/api.w.org\/{rel}","templated":true}]}}