{"id":148,"date":"2012-02-23T22:06:59","date_gmt":"2012-02-23T21:06:59","guid":{"rendered":"http:\/\/hydropassion.com\/webZine\/?page_id=148"},"modified":"2014-02-24T13:19:59","modified_gmt":"2014-02-24T12:19:59","slug":"murs-vegetalises-55","status":"publish","type":"page","link":"https:\/\/hydropassion.com\/webZine\/mur-vegetal-hydro-hydroponie\/murs-vegetalises-55\/","title":{"rendered":"Murs v\u00e9g\u00e9talis\u00e9s (5\/5)"},"content":{"rendered":"<h4>PAGE 5\/5<br \/>\nAller \u00e0 : <a title=\"Murs v\u00e9g\u00e9talis\u00e9s\" href=\"https:\/\/hydropassion.com\/webZine\/mur-vegetal-hydro-hydroponie\">1<\/a> &#8211; <a title=\"Murs v\u00e9g\u00e9talis\u00e9s (2\/5)\" href=\"https:\/\/hydropassion.com\/webZine\/mur-vegetal-hydro-hydroponie\/mur-vegetalise-24\">2<\/a> &#8211; <a title=\"Murs v\u00e9g\u00e9talis\u00e9s (3\/5)\" href=\"https:\/\/hydropassion.com\/webZine\/mur-vegetal-hydro-hydroponie\/murs-vegetalises-34\">3<\/a> &#8211; <a title=\"Murs v\u00e9g\u00e9talis\u00e9s (4\/5)\" href=\"https:\/\/hydropassion.com\/webZine\/mur-vegetal-hydro-hydroponie\/murs-vegetalises-45\">4<\/a> &#8211; <a title=\"Murs v\u00e9g\u00e9talis\u00e9s (5\/5)\" href=\"https:\/\/hydropassion.com\/webZine\/mur-vegetal-hydro-hydroponie\/murs-vegetalises-55\">5<\/a><\/h4>\n<h3>La plantation<\/h3>\n<p>Avant de planter, on dispose les plantes sur la table pour se faire une id\u00e9e du rendu et d\u00e9cider de leur r\u00e9partition.<\/p>\n<h4>Figure 246-1 : On d\u00e9cide de la r\u00e9partition<\/h4>\n<p><a href=\"https:\/\/hydropassion.com\/webZine\/wp-content\/uploads\/2012\/02\/246-1r%C3%A9partiondes-plantsP1000294-e1336395752738.jpg\"><img loading=\"lazy\" decoding=\"async\" class=\"alignnone size-medium wp-image-115\" title=\"246-1r\u00e9partiondes plantsP1000294\" alt=\"R\u00e9partition des plantes\" src=\"https:\/\/hydropassion.com\/webZine\/wp-content\/uploads\/2012\/02\/246-1r%C3%A9partiondes-plantsP1000294-e1336395752738-225x300.jpg\" width=\"225\" height=\"300\" \/><\/a><\/p>\n<h3>Taille des plantes<\/h3>\n<p>Dans le cas d\u2019une utilisation de plantes en pot, Il faut s\u00e9lectionner\u00a0 des contenants d\u2019un diam\u00e8tre maximum de 12cm. Plus le pot d\u2019origine sera petit, plus la manipulation de plantation sera ais\u00e9e. On peut aussi faire prendre des boutures directement dans le tableau pourvu que l\u2019environnement ne soit pas trop sec et que l\u2019on les pulv\u00e9rise quotidiennement. Il est aussi possible de planter de jeunes plants juste apr\u00e8s la germination.<\/p>\n<p>Pour les pr\u00e9parer \u00e0 la plantation, il faut d\u00e9barrasser les plantes en pot d\u2019un maximum de terre tout en veillant \u00e0 ne pas trop endommager leurs racines. On travaille sur des mottes humides.<\/p>\n<h4>Figure 246-2 : Asparagus avant l\u2019\u00e9mottage<\/h4>\n<p><a href=\"https:\/\/hydropassion.com\/webZine\/wp-content\/uploads\/2012\/02\/246-2motteavecterreP1000299-e1336396134693.jpg\"><img loading=\"lazy\" decoding=\"async\" class=\"alignnone size-medium wp-image-116\" title=\"246-2motteavecterreP1000299\" alt=\"Asparagus avant l\u2019\u00e9mottage\" src=\"https:\/\/hydropassion.com\/webZine\/wp-content\/uploads\/2012\/02\/246-2motteavecterreP1000299-e1336396134693-225x300.jpg\" width=\"225\" height=\"300\" srcset=\"https:\/\/hydropassion.com\/webZine\/wp-content\/uploads\/2012\/02\/246-2motteavecterreP1000299-e1336396134693-225x300.jpg 225w, https:\/\/hydropassion.com\/webZine\/wp-content\/uploads\/2012\/02\/246-2motteavecterreP1000299-e1336396134693-768x1024.jpg 768w\" sizes=\"auto, (max-width: 225px) 100vw, 225px\" \/><\/a><\/p>\n<h4>Figure 246-3 : Asparagus \u00e9mott\u00e9<\/h4>\n<p><a href=\"https:\/\/hydropassion.com\/webZine\/wp-content\/uploads\/2012\/05\/246-3mottesansterreP1000301.jpg\"><img loading=\"lazy\" decoding=\"async\" class=\"alignnone size-medium wp-image-222\" title=\"246-3-motte-sans-terre-hydropassion\" alt=\"Hydropassion webZine motte sans terre\" src=\"https:\/\/hydropassion.com\/webZine\/wp-content\/uploads\/2012\/05\/246-3mottesansterreP1000301-222x300.jpg\" width=\"222\" height=\"300\" srcset=\"https:\/\/hydropassion.com\/webZine\/wp-content\/uploads\/2012\/05\/246-3mottesansterreP1000301-222x300.jpg 222w, https:\/\/hydropassion.com\/webZine\/wp-content\/uploads\/2012\/05\/246-3mottesansterreP1000301-759x1024.jpg 759w\" sizes=\"auto, (max-width: 222px) 100vw, 222px\" \/><\/a><\/p>\n<p>L\u2019asparagus a des racines solides et rigides, on peut donc enlever la majeure partie du substrat. Pour des plantes aux racines plus fines et fragiles comme des foug\u00e8res, on ne peut en enlever autant.<br \/>\nAvant de transplanter on enveloppe les racines dans du feutre g\u00e9otextile pour \u00e9viter que la terre ne se disperse dans la laine de roche et pour prot\u00e9ger les racines lors de la mise en place.<\/p>\n<h4>Figure 246-5 : On enveloppe les racines dans du feutre g\u00e9otextile<\/h4>\n<p><a href=\"https:\/\/hydropassion.com\/webZine\/wp-content\/uploads\/2012\/02\/246-4envellope-feutreP1000302-e1336399773926.jpg\"><img loading=\"lazy\" decoding=\"async\" class=\"alignnone size-medium wp-image-118\" title=\"246-4envellope feutreP1000302\" alt=\"envellope les racine dans le feutre\" src=\"https:\/\/hydropassion.com\/webZine\/wp-content\/uploads\/2012\/02\/246-4envellope-feutreP1000302-e1336399773926-225x300.jpg\" width=\"225\" height=\"300\" srcset=\"https:\/\/hydropassion.com\/webZine\/wp-content\/uploads\/2012\/02\/246-4envellope-feutreP1000302-e1336399773926-225x300.jpg 225w, https:\/\/hydropassion.com\/webZine\/wp-content\/uploads\/2012\/02\/246-4envellope-feutreP1000302-e1336399773926-768x1024.jpg 768w\" sizes=\"auto, (max-width: 225px) 100vw, 225px\" \/><\/a><\/p>\n<p>On d\u00e9coupe horizontalement \u00e0 l\u2019aide d\u2019une bonne paire de ciseaux le grillage et le feutre sur une largeur \u00e9quivalente \u00e0 celle de la motte et verticalement d\u2019un ou deux crans du grillage.<\/p>\n<h4>Figure 246-6 : D\u00e9coupe du grillage et du feutre<\/h4>\n<p><a href=\"https:\/\/hydropassion.com\/webZine\/wp-content\/uploads\/2012\/02\/246-6D%C3%A9coupe-du-grillage-et-du-feutre.jpg\"><img loading=\"lazy\" decoding=\"async\" class=\"alignnone size-medium wp-image-119\" title=\"246-6D\u00e9coupe du grillage et du feutre\" alt=\"D\u00e9coupe du grillage et du feutre\" src=\"https:\/\/hydropassion.com\/webZine\/wp-content\/uploads\/2012\/02\/246-6D%C3%A9coupe-du-grillage-et-du-feutre-300x225.jpg\" width=\"300\" height=\"225\" \/><\/a><\/p>\n<p>Enfin, on ins\u00e8re la motte en prenant bien garde d\u2019endommager le moins possible les racines. On \u00e9carte le grillage et le feutre d\u2019une main, et de l\u2019autre on fait glisser la motte\u00a0 dans la laine de roche.<\/p>\n<h4>Figure 246-9 : On ins\u00e8re la motte<\/h4>\n<p><a href=\"https:\/\/hydropassion.com\/webZine\/wp-content\/uploads\/2012\/02\/246-9On-ins%C3%A8re-la-motte.jpg\"><img loading=\"lazy\" decoding=\"async\" class=\"alignnone size-medium wp-image-120\" title=\"246-9On ins\u00e8re la motte\" alt=\"Insertion de la motte\" src=\"https:\/\/hydropassion.com\/webZine\/wp-content\/uploads\/2012\/02\/246-9On-ins%C3%A8re-la-motte-300x225.jpg\" width=\"300\" height=\"225\" \/><\/a><\/p>\n<p>On continue ainsi jusqu\u2019\u00e0 remplir le tableau. Cela \u00e9tant fait, on peut redresser le tableau.<br \/>\nLorsque l\u2019on rel\u00e8ve le tableau, toute l\u2019eau que la laine de roche ne peut retenir va s\u2019\u00e9couler.\u00a0 Il vaut mieux r\u00e9aliser cette op\u00e9ration \u00e0 l\u2019ext\u00e9rieur ou dans un bac \u00e0 douche.<\/p>\n<h4>Figure 246-11 : On rel\u00e8ve le tableau<\/h4>\n<p><a href=\"https:\/\/hydropassion.com\/webZine\/wp-content\/uploads\/2012\/02\/246-11tableau-relev%C3%A9-e1336395547450.jpg\"><img loading=\"lazy\" decoding=\"async\" class=\"alignnone size-medium wp-image-131\" title=\"246-11tableau relev\u00e9\" alt=\"Tableau relev\u00e9\" src=\"https:\/\/hydropassion.com\/webZine\/wp-content\/uploads\/2012\/02\/246-11tableau-relev%C3%A9-e1336395547450-225x300.jpg\" width=\"225\" height=\"300\" \/><\/a><\/p>\n<p>Les plantes prennent alors un positionnement proche de celui qu\u00a0\u2018elles vont avoir. On peut alors se rendre compte du rendu final et surtout de quels emplacements sont d\u00e9garnis. On peut proc\u00e9der \u00e0 des ajustements en ajoutant quelques plantes.<\/p>\n<h4>Figure 246-12 et 13 : Ici on a rajout\u00e9 des rejets de chlorophytum pour finir de garnir le tableau<\/h4>\n<p><a href=\"https:\/\/hydropassion.com\/webZine\/wp-content\/uploads\/2012\/02\/246-12rajout-plantes-e1336395431141.jpg\"><img loading=\"lazy\" decoding=\"async\" class=\"alignnone size-medium wp-image-132\" title=\"246-12rajout plantes\" alt=\"Ici on a rajout\u00e9 des rejets de chlorophytum pour finir de garnir le tableau\" src=\"https:\/\/hydropassion.com\/webZine\/wp-content\/uploads\/2012\/02\/246-12rajout-plantes-e1336395431141-225x300.jpg\" width=\"225\" height=\"300\" srcset=\"https:\/\/hydropassion.com\/webZine\/wp-content\/uploads\/2012\/02\/246-12rajout-plantes-e1336395431141-225x300.jpg 225w, https:\/\/hydropassion.com\/webZine\/wp-content\/uploads\/2012\/02\/246-12rajout-plantes-e1336395431141-768x1024.jpg 768w\" sizes=\"auto, (max-width: 225px) 100vw, 225px\" \/><\/a><\/p>\n<p><a href=\"https:\/\/hydropassion.com\/webZine\/wp-content\/uploads\/2012\/02\/246-13rajoutplantes-e1336395113740.jpg\"><img loading=\"lazy\" decoding=\"async\" class=\"alignnone size-medium wp-image-133\" title=\"246-13rajoutplantes\" alt=\"Ici on a rajout\u00e9 des rejets de chlorophytum pour finir de garnir le tableau\" src=\"https:\/\/hydropassion.com\/webZine\/wp-content\/uploads\/2012\/02\/246-13rajoutplantes-e1336395113740-225x300.jpg\" width=\"225\" height=\"300\" srcset=\"https:\/\/hydropassion.com\/webZine\/wp-content\/uploads\/2012\/02\/246-13rajoutplantes-e1336395113740-225x300.jpg 225w, https:\/\/hydropassion.com\/webZine\/wp-content\/uploads\/2012\/02\/246-13rajoutplantes-e1336395113740-768x1024.jpg 768w\" sizes=\"auto, (max-width: 225px) 100vw, 225px\" \/><\/a><\/p>\n<p>On suspend \u00e0 pr\u00e9sent le tableau \u00e0 l\u2019emplacement pr\u00e9vu, on fixe la goutti\u00e8re avec des liens en plastique crant\u00e9s et le syst\u00e8me d\u2019irrigation. On remplit le r\u00e9servoir de solution nutritive ad\u00e9quate et on entame alors le premier cycle d\u2019irrigation. Celui-ci devra durer quatre heures, et \u00e0 l\u2019issu des deux premi\u00e8res, on contr\u00f4le et on r\u00e9ajuste le pH.<\/p>\n<ul>\n<li>\u00ab\u00a0Textes et Photos extraits de \u00ab\u00a0R\u00e9aliser et entretenir son mur v\u00e9g\u00e9tal\u00a0\u00bb de L\u00e9on-Hugo Bonte<\/li>\n<\/ul>\n<h4>PAGE 5\/5<br \/>\nAller \u00e0 : <a title=\"Murs v\u00e9g\u00e9talis\u00e9s\" href=\"https:\/\/hydropassion.com\/webZine\/mur-vegetal-hydro-hydroponie\">1<\/a> &#8211; <a title=\"Murs v\u00e9g\u00e9talis\u00e9s (2\/5)\" href=\"https:\/\/hydropassion.com\/webZine\/mur-vegetal-hydro-hydroponie\/mur-vegetalise-24\">2<\/a> &#8211; <a title=\"Murs v\u00e9g\u00e9talis\u00e9s (3\/5)\" href=\"https:\/\/hydropassion.com\/webZine\/mur-vegetal-hydro-hydroponie\/murs-vegetalises-34\">3<\/a> &#8211; <a title=\"Murs v\u00e9g\u00e9talis\u00e9s (4\/5)\" href=\"https:\/\/hydropassion.com\/webZine\/mur-vegetal-hydro-hydroponie\/murs-vegetalises-45\">4<\/a> &#8211; <a title=\"Murs v\u00e9g\u00e9talis\u00e9s (5\/5)\" href=\"https:\/\/hydropassion.com\/webZine\/mur-vegetal-hydro-hydroponie\/murs-vegetalises-55\">5<\/a><\/h4>\n","protected":false},"excerpt":{"rendered":"<p>PAGE 5\/5 Aller \u00e0 : 1 &#8211; 2 &#8211; 3 &#8211; 4 &#8211; 5 La plantation Avant de planter, on dispose les plantes sur la table pour se faire une id\u00e9e du rendu et d\u00e9cider de leur r\u00e9partition. Figure 246-1 : On d\u00e9cide de la r\u00e9partition Taille des plantes Dans le cas d\u2019une utilisation de [&hellip;]<\/p>\n","protected":false},"author":3,"featured_media":0,"parent":86,"menu_order":3,"comment_status":"closed","ping_status":"open","template":"","meta":{"_monsterinsights_skip_tracking":false,"_monsterinsights_sitenote_active":false,"_monsterinsights_sitenote_note":"","_monsterinsights_sitenote_category":0,"footnotes":""},"class_list":["post-148","page","type-page","status-publish","hentry"],"yoast_head":"<!-- This site is optimized with the Yoast SEO plugin v24.5 - https:\/\/yoast.com\/wordpress\/plugins\/seo\/ -->\n<title>Murs v\u00e9g\u00e9talis\u00e9s (5\/5) - WebZine Hydropassion<\/title>\n<meta name=\"robots\" content=\"index, follow, max-snippet:-1, max-image-preview:large, max-video-preview:-1\" \/>\n<link rel=\"canonical\" href=\"https:\/\/hydropassion.com\/webZine\/mur-vegetal-hydro-hydroponie\/murs-vegetalises-55\/\" \/>\n<meta property=\"og:locale\" content=\"fr_FR\" \/>\n<meta property=\"og:type\" content=\"article\" \/>\n<meta property=\"og:title\" content=\"Murs v\u00e9g\u00e9talis\u00e9s (5\/5) - WebZine Hydropassion\" \/>\n<meta property=\"og:description\" content=\"PAGE 5\/5 Aller \u00e0 : 1 &#8211; 2 &#8211; 3 &#8211; 4 &#8211; 5 La plantation Avant de planter, on dispose les plantes sur la table pour se faire une id\u00e9e du rendu et d\u00e9cider de leur r\u00e9partition. Figure 246-1 : On d\u00e9cide de la r\u00e9partition Taille des plantes Dans le cas d\u2019une utilisation de [&hellip;]\" \/>\n<meta property=\"og:url\" content=\"https:\/\/hydropassion.com\/webZine\/mur-vegetal-hydro-hydroponie\/murs-vegetalises-55\/\" \/>\n<meta property=\"og:site_name\" content=\"WebZine Hydropassion\" \/>\n<meta property=\"article:modified_time\" content=\"2014-02-24T12:19:59+00:00\" \/>\n<meta property=\"og:image\" content=\"http:\/\/hydropassion.com\/webZine\/wp-content\/uploads\/2012\/02\/246-1r%C3%A9partiondes-plantsP1000294-e1336395752738-225x300.jpg\" \/>\n<meta name=\"twitter:card\" content=\"summary_large_image\" \/>\n<meta name=\"twitter:label1\" content=\"Dur\u00e9e de lecture estim\u00e9e\" \/>\n\t<meta name=\"twitter:data1\" content=\"3 minutes\" \/>\n<script type=\"application\/ld+json\" class=\"yoast-schema-graph\">{\"@context\":\"https:\/\/schema.org\",\"@graph\":[{\"@type\":\"WebPage\",\"@id\":\"https:\/\/hydropassion.com\/webZine\/mur-vegetal-hydro-hydroponie\/murs-vegetalises-55\/\",\"url\":\"https:\/\/hydropassion.com\/webZine\/mur-vegetal-hydro-hydroponie\/murs-vegetalises-55\/\",\"name\":\"Murs v\u00e9g\u00e9talis\u00e9s (5\/5) - WebZine Hydropassion\",\"isPartOf\":{\"@id\":\"https:\/\/hydropassion.com\/webZine\/#website\"},\"primaryImageOfPage\":{\"@id\":\"https:\/\/hydropassion.com\/webZine\/mur-vegetal-hydro-hydroponie\/murs-vegetalises-55\/#primaryimage\"},\"image\":{\"@id\":\"https:\/\/hydropassion.com\/webZine\/mur-vegetal-hydro-hydroponie\/murs-vegetalises-55\/#primaryimage\"},\"thumbnailUrl\":\"http:\/\/hydropassion.com\/webZine\/wp-content\/uploads\/2012\/02\/246-1r%C3%A9partiondes-plantsP1000294-e1336395752738-225x300.jpg\",\"datePublished\":\"2012-02-23T21:06:59+00:00\",\"dateModified\":\"2014-02-24T12:19:59+00:00\",\"breadcrumb\":{\"@id\":\"https:\/\/hydropassion.com\/webZine\/mur-vegetal-hydro-hydroponie\/murs-vegetalises-55\/#breadcrumb\"},\"inLanguage\":\"fr-FR\",\"potentialAction\":[{\"@type\":\"ReadAction\",\"target\":[\"https:\/\/hydropassion.com\/webZine\/mur-vegetal-hydro-hydroponie\/murs-vegetalises-55\/\"]}]},{\"@type\":\"ImageObject\",\"inLanguage\":\"fr-FR\",\"@id\":\"https:\/\/hydropassion.com\/webZine\/mur-vegetal-hydro-hydroponie\/murs-vegetalises-55\/#primaryimage\",\"url\":\"https:\/\/hydropassion.com\/webZine\/wp-content\/uploads\/2012\/02\/246-1r\u00e9partiondes-plantsP1000294-e1336395752738.jpg\",\"contentUrl\":\"https:\/\/hydropassion.com\/webZine\/wp-content\/uploads\/2012\/02\/246-1r\u00e9partiondes-plantsP1000294-e1336395752738.jpg\",\"width\":\"3000\",\"height\":\"4000\",\"caption\":\"R\u00e9partition des plantes\"},{\"@type\":\"BreadcrumbList\",\"@id\":\"https:\/\/hydropassion.com\/webZine\/mur-vegetal-hydro-hydroponie\/murs-vegetalises-55\/#breadcrumb\",\"itemListElement\":[{\"@type\":\"ListItem\",\"position\":1,\"name\":\"Accueil\",\"item\":\"https:\/\/hydropassion.com\/webZine\/\"},{\"@type\":\"ListItem\",\"position\":2,\"name\":\"Murs v\u00e9g\u00e9talis\u00e9s\",\"item\":\"https:\/\/hydropassion.com\/webZine\/mur-vegetal-hydro-hydroponie\/\"},{\"@type\":\"ListItem\",\"position\":3,\"name\":\"Murs v\u00e9g\u00e9talis\u00e9s (5\/5)\"}]},{\"@type\":\"WebSite\",\"@id\":\"https:\/\/hydropassion.com\/webZine\/#website\",\"url\":\"https:\/\/hydropassion.com\/webZine\/\",\"name\":\"Webzine Hydropassion Master Grower\",\"description\":\"Toute l&#039;actualit\u00e9 des cultures en substrat organique, hydroculture &amp; hydroponique.\",\"publisher\":{\"@id\":\"https:\/\/hydropassion.com\/webZine\/#organization\"},\"potentialAction\":[{\"@type\":\"SearchAction\",\"target\":{\"@type\":\"EntryPoint\",\"urlTemplate\":\"https:\/\/hydropassion.com\/webZine\/?s={search_term_string}\"},\"query-input\":{\"@type\":\"PropertyValueSpecification\",\"valueRequired\":true,\"valueName\":\"search_term_string\"}}],\"inLanguage\":\"fr-FR\"},{\"@type\":\"Organization\",\"@id\":\"https:\/\/hydropassion.com\/webZine\/#organization\",\"name\":\"Webzine Hydropassion Master Grower\",\"url\":\"https:\/\/hydropassion.com\/webZine\/\",\"logo\":{\"@type\":\"ImageObject\",\"inLanguage\":\"fr-FR\",\"@id\":\"https:\/\/hydropassion.com\/webZine\/#\/schema\/logo\/image\/\",\"url\":\"https:\/\/hydropassion.com\/webZine\/wp-content\/uploads\/2024\/12\/Logo_WebZine-Mascottes-001.png\",\"contentUrl\":\"https:\/\/hydropassion.com\/webZine\/wp-content\/uploads\/2024\/12\/Logo_WebZine-Mascottes-001.png\",\"width\":1500,\"height\":445,\"caption\":\"Webzine Hydropassion Master Grower\"},\"image\":{\"@id\":\"https:\/\/hydropassion.com\/webZine\/#\/schema\/logo\/image\/\"}}]}<\/script>\n<!-- \/ Yoast SEO plugin. -->","yoast_head_json":{"title":"Murs v\u00e9g\u00e9talis\u00e9s (5\/5) - WebZine Hydropassion","robots":{"index":"index","follow":"follow","max-snippet":"max-snippet:-1","max-image-preview":"max-image-preview:large","max-video-preview":"max-video-preview:-1"},"canonical":"https:\/\/hydropassion.com\/webZine\/mur-vegetal-hydro-hydroponie\/murs-vegetalises-55\/","og_locale":"fr_FR","og_type":"article","og_title":"Murs v\u00e9g\u00e9talis\u00e9s (5\/5) - WebZine Hydropassion","og_description":"PAGE 5\/5 Aller \u00e0 : 1 &#8211; 2 &#8211; 3 &#8211; 4 &#8211; 5 La plantation Avant de planter, on dispose les plantes sur la table pour se faire une id\u00e9e du rendu et d\u00e9cider de leur r\u00e9partition. Figure 246-1 : On d\u00e9cide de la r\u00e9partition Taille des plantes Dans le cas d\u2019une utilisation de [&hellip;]","og_url":"https:\/\/hydropassion.com\/webZine\/mur-vegetal-hydro-hydroponie\/murs-vegetalises-55\/","og_site_name":"WebZine Hydropassion","article_modified_time":"2014-02-24T12:19:59+00:00","og_image":[{"url":"http:\/\/hydropassion.com\/webZine\/wp-content\/uploads\/2012\/02\/246-1r%C3%A9partiondes-plantsP1000294-e1336395752738-225x300.jpg","type":"","width":"","height":""}],"twitter_card":"summary_large_image","twitter_misc":{"Dur\u00e9e de lecture estim\u00e9e":"3 minutes"},"schema":{"@context":"https:\/\/schema.org","@graph":[{"@type":"WebPage","@id":"https:\/\/hydropassion.com\/webZine\/mur-vegetal-hydro-hydroponie\/murs-vegetalises-55\/","url":"https:\/\/hydropassion.com\/webZine\/mur-vegetal-hydro-hydroponie\/murs-vegetalises-55\/","name":"Murs v\u00e9g\u00e9talis\u00e9s (5\/5) - WebZine Hydropassion","isPartOf":{"@id":"https:\/\/hydropassion.com\/webZine\/#website"},"primaryImageOfPage":{"@id":"https:\/\/hydropassion.com\/webZine\/mur-vegetal-hydro-hydroponie\/murs-vegetalises-55\/#primaryimage"},"image":{"@id":"https:\/\/hydropassion.com\/webZine\/mur-vegetal-hydro-hydroponie\/murs-vegetalises-55\/#primaryimage"},"thumbnailUrl":"http:\/\/hydropassion.com\/webZine\/wp-content\/uploads\/2012\/02\/246-1r%C3%A9partiondes-plantsP1000294-e1336395752738-225x300.jpg","datePublished":"2012-02-23T21:06:59+00:00","dateModified":"2014-02-24T12:19:59+00:00","breadcrumb":{"@id":"https:\/\/hydropassion.com\/webZine\/mur-vegetal-hydro-hydroponie\/murs-vegetalises-55\/#breadcrumb"},"inLanguage":"fr-FR","potentialAction":[{"@type":"ReadAction","target":["https:\/\/hydropassion.com\/webZine\/mur-vegetal-hydro-hydroponie\/murs-vegetalises-55\/"]}]},{"@type":"ImageObject","inLanguage":"fr-FR","@id":"https:\/\/hydropassion.com\/webZine\/mur-vegetal-hydro-hydroponie\/murs-vegetalises-55\/#primaryimage","url":"https:\/\/hydropassion.com\/webZine\/wp-content\/uploads\/2012\/02\/246-1r\u00e9partiondes-plantsP1000294-e1336395752738.jpg","contentUrl":"https:\/\/hydropassion.com\/webZine\/wp-content\/uploads\/2012\/02\/246-1r\u00e9partiondes-plantsP1000294-e1336395752738.jpg","width":"3000","height":"4000","caption":"R\u00e9partition des plantes"},{"@type":"BreadcrumbList","@id":"https:\/\/hydropassion.com\/webZine\/mur-vegetal-hydro-hydroponie\/murs-vegetalises-55\/#breadcrumb","itemListElement":[{"@type":"ListItem","position":1,"name":"Accueil","item":"https:\/\/hydropassion.com\/webZine\/"},{"@type":"ListItem","position":2,"name":"Murs v\u00e9g\u00e9talis\u00e9s","item":"https:\/\/hydropassion.com\/webZine\/mur-vegetal-hydro-hydroponie\/"},{"@type":"ListItem","position":3,"name":"Murs v\u00e9g\u00e9talis\u00e9s (5\/5)"}]},{"@type":"WebSite","@id":"https:\/\/hydropassion.com\/webZine\/#website","url":"https:\/\/hydropassion.com\/webZine\/","name":"Webzine Hydropassion Master Grower","description":"Toute l&#039;actualit\u00e9 des cultures en substrat organique, hydroculture &amp; hydroponique.","publisher":{"@id":"https:\/\/hydropassion.com\/webZine\/#organization"},"potentialAction":[{"@type":"SearchAction","target":{"@type":"EntryPoint","urlTemplate":"https:\/\/hydropassion.com\/webZine\/?s={search_term_string}"},"query-input":{"@type":"PropertyValueSpecification","valueRequired":true,"valueName":"search_term_string"}}],"inLanguage":"fr-FR"},{"@type":"Organization","@id":"https:\/\/hydropassion.com\/webZine\/#organization","name":"Webzine Hydropassion Master Grower","url":"https:\/\/hydropassion.com\/webZine\/","logo":{"@type":"ImageObject","inLanguage":"fr-FR","@id":"https:\/\/hydropassion.com\/webZine\/#\/schema\/logo\/image\/","url":"https:\/\/hydropassion.com\/webZine\/wp-content\/uploads\/2024\/12\/Logo_WebZine-Mascottes-001.png","contentUrl":"https:\/\/hydropassion.com\/webZine\/wp-content\/uploads\/2024\/12\/Logo_WebZine-Mascottes-001.png","width":1500,"height":445,"caption":"Webzine Hydropassion Master Grower"},"image":{"@id":"https:\/\/hydropassion.com\/webZine\/#\/schema\/logo\/image\/"}}]}},"_links":{"self":[{"href":"https:\/\/hydropassion.com\/webZine\/wp-json\/wp\/v2\/pages\/148","targetHints":{"allow":["GET"]}}],"collection":[{"href":"https:\/\/hydropassion.com\/webZine\/wp-json\/wp\/v2\/pages"}],"about":[{"href":"https:\/\/hydropassion.com\/webZine\/wp-json\/wp\/v2\/types\/page"}],"author":[{"embeddable":true,"href":"https:\/\/hydropassion.com\/webZine\/wp-json\/wp\/v2\/users\/3"}],"replies":[{"embeddable":true,"href":"https:\/\/hydropassion.com\/webZine\/wp-json\/wp\/v2\/comments?post=148"}],"version-history":[{"count":12,"href":"https:\/\/hydropassion.com\/webZine\/wp-json\/wp\/v2\/pages\/148\/revisions"}],"predecessor-version":[{"id":670,"href":"https:\/\/hydropassion.com\/webZine\/wp-json\/wp\/v2\/pages\/148\/revisions\/670"}],"up":[{"embeddable":true,"href":"https:\/\/hydropassion.com\/webZine\/wp-json\/wp\/v2\/pages\/86"}],"wp:attachment":[{"href":"https:\/\/hydropassion.com\/webZine\/wp-json\/wp\/v2\/media?parent=148"}],"curies":[{"name":"wp","href":"https:\/\/api.w.org\/{rel}","templated":true}]}}