{"id":15,"date":"2011-10-17T20:44:43","date_gmt":"2011-10-17T18:44:43","guid":{"rendered":"http:\/\/hydropassion.com\/webZine\/?page_id=15"},"modified":"2024-01-06T23:48:02","modified_gmt":"2024-01-06T22:48:02","slug":"hydroculture-culture-plante-interieur-hydropassion","status":"publish","type":"page","link":"https:\/\/hydropassion.com\/webZine\/hydroculture-culture-plante-interieur-hydropassion\/","title":{"rendered":"Hydroculture"},"content":{"rendered":"<h2 style=\"text-align: justify;\">Sans terre et sans reproche !<\/h2>\n<p><a href=\"https:\/\/hydropassion.com\/webZine\/wp-content\/uploads\/2013\/10\/One-Way-trip-to-Mars.jpg\"><img loading=\"lazy\" decoding=\"async\" class=\"alignnone size-full wp-image-482\" src=\"https:\/\/hydropassion.com\/webZine\/wp-content\/uploads\/2013\/10\/One-Way-trip-to-Mars.jpg\" alt=\"\" width=\"620\" height=\"350\" srcset=\"https:\/\/hydropassion.com\/webZine\/wp-content\/uploads\/2013\/10\/One-Way-trip-to-Mars.jpg 620w, https:\/\/hydropassion.com\/webZine\/wp-content\/uploads\/2013\/10\/One-Way-trip-to-Mars-300x169.jpg 300w\" sizes=\"auto, (max-width: 620px) 100vw, 620px\" \/><\/a><\/p>\n<p style=\"text-align: justify;\">La culture sans terre sur billes d&rsquo;argile poss\u00e8de de nombreux atouts de s\u00e9duction, \u00e0 commencer par sa propret\u00e9, sa l\u00e9g\u00e8ret\u00e9 et son faible encombrement. De plus, contrairement \u00e0 une id\u00e9e re\u00e7ue, c&rsquo;est on ne peut plus facile et \u00a0\u00bb \u00e7a marche \u00a0\u00bb \u00e0 merveille, m\u00eame en ext\u00e9rieur !<\/p>\n<p style=\"text-align: justify;\">L&rsquo;hydroculture consiste tout simplement \u00e0 cultiver des plantes\u2026 sans terre. Serait-elle la panac\u00e9e de la terrasse et du balcon ? L&rsquo; affirmation serait sans doute un peu os\u00e9e : les panac\u00e9es n&rsquo;existent pas plus que la pierre philosophale, au jardin ou ailleurs ! Cette absence de terre, c&rsquo;est\u2026<\/p>\n<p style=\"text-align: justify;\">C&rsquo;est le point essentiel, ainsi que celui qui choque le plus de prime abord. En effet, quand on veut cr\u00e9er un jardin sur une terrasse, un balcon ou un appui de fen\u00eatre, c&rsquo;est bien souvent pour disposer d&rsquo;un petit coin de nature \u00e0 port\u00e9e de main\u2026 Or, les pots, bacs ou jardini\u00e8res, vid\u00e9s de leur terre et remplis de billes d&rsquo;argile ne ressemblent pas vraiment \u00e0 quelque chose de \u00a0\u00bb naturel \u00ab\u00a0, de prime abord.<\/p>\n<p style=\"text-align: justify;\">En sommes-nous bien s\u00fbrs ? En effet, les v\u00e9ritables exigences d&rsquo;un v\u00e9g\u00e9tal sont au nombre de cinq ; toujours les m\u00eames : le carbone, la lumi\u00e8re, les \u00e9l\u00e9ments nutritifs, l&rsquo;eau et la stabilit\u00e9.<\/p>\n<p style=\"text-align: justify;\">Le carbone n\u00e9cessaire \u00e0 construire sa structure est apport\u00e9 par le gaz carbonique de l&rsquo;air (dioxyde de carbone ou CO2 pour les chimistes). Il l&rsquo;absorbe et le dissocie en rejetant de l&rsquo;oxyg\u00e8ne gr\u00e2ce \u00e0 l&rsquo;assimilation chlorophyllienne.<br \/>\nLa lumi\u00e8re permet de r\u00e9aliser la r\u00e9action chimique pr\u00e9c\u00e9dente.<br \/>\nLes \u00e9l\u00e9ments nutritifs, min\u00e9raux et organiques, sont puis\u00e9s dans le sol par les racines (parfois aussi par la structure a\u00e9rienne).<br \/>\nL&rsquo;eau v\u00e9hicule et distribue par la s\u00e8ve les \u00e9l\u00e9ments pr\u00e9c\u00e9dents dans l&rsquo;ensemble de son organisme.<br \/>\nLe sol enfin procure un solide ancrage et une stabilit\u00e9 indispensable.<\/p>\n<p style=\"text-align: justify;\">L&rsquo;hydroculture apporte des r\u00e9ponses simples \u00e0 ces cinq exigences, compte tenu du fait que les \u00e9l\u00e9ments nutritifs ne repr\u00e9sentent, en masse et en volume, qu&rsquo;une infime partie d&rsquo;un sol classique. L&rsquo;industrie sait parfaitement les reconstituer sous forme liquide ou de poudres qu&rsquo;il suffit d&rsquo;\u00e9pandre, deux \u00e0 quatre fois par an, \u00e0 la surface des bacs ou d&rsquo;ajouter \u00e0 l&rsquo;eau d&rsquo;arrosage. Quant \u00e0 l&rsquo;enracinement, s&rsquo;il est parfois (pas toujours) un peu plus long \u00e0 obtenir que dans la \u00a0\u00bb terre \u00ab\u00a0, il se r\u00e9v\u00e8le ensuite tout aussi ferme et d\u00e9finitif, quand racines et radicelles ont \u00e9troitement li\u00e9 et compact\u00e9 les billes entre elles, sauf les deux ou trois \u00e9paisseurs du dessus qui ne jouent qu&rsquo;un r\u00f4le protecteur et restent libres.<\/p>\n<p style=\"text-align: justify;\">Finalement, il n&rsquo;est peut-\u00eatre pas plus anti-naturel pour une plante de s&rsquo;\u00e9panouir en hydroculture que pour un \u00eatre humain de pr\u00e9f\u00e9rer dormir sous un toit dans un lit que sur un amas de feuilles mortes sous un arbre !<\/p>\n","protected":false},"excerpt":{"rendered":"<p>Sans terre et sans reproche ! La culture sans terre sur billes d&rsquo;argile poss\u00e8de de nombreux atouts de s\u00e9duction, \u00e0 commencer par sa propret\u00e9, sa l\u00e9g\u00e8ret\u00e9 et son faible encombrement. De plus, contrairement \u00e0 une id\u00e9e re\u00e7ue, c&rsquo;est on ne peut plus facile et \u00a0\u00bb \u00e7a marche \u00a0\u00bb \u00e0 merveille, m\u00eame en ext\u00e9rieur ! L&rsquo;hydroculture [&hellip;]<\/p>\n","protected":false},"author":3,"featured_media":0,"parent":0,"menu_order":2,"comment_status":"closed","ping_status":"closed","template":"","meta":{"_monsterinsights_skip_tracking":false,"_monsterinsights_sitenote_active":false,"_monsterinsights_sitenote_note":"","_monsterinsights_sitenote_category":0,"footnotes":""},"class_list":["post-15","page","type-page","status-publish","hentry"],"yoast_head":"<!-- This site is optimized with the Yoast SEO plugin v24.5 - https:\/\/yoast.com\/wordpress\/plugins\/seo\/ -->\n<title>Hydroculture - WebZine Hydropassion<\/title>\n<meta name=\"robots\" content=\"index, follow, max-snippet:-1, max-image-preview:large, max-video-preview:-1\" \/>\n<link rel=\"canonical\" href=\"https:\/\/hydropassion.com\/webZine\/hydroculture-culture-plante-interieur-hydropassion\/\" \/>\n<meta property=\"og:locale\" content=\"fr_FR\" \/>\n<meta property=\"og:type\" content=\"article\" \/>\n<meta property=\"og:title\" content=\"Hydroculture - WebZine Hydropassion\" \/>\n<meta property=\"og:description\" content=\"Sans terre et sans reproche ! La culture sans terre sur billes d&rsquo;argile poss\u00e8de de nombreux atouts de s\u00e9duction, \u00e0 commencer par sa propret\u00e9, sa l\u00e9g\u00e8ret\u00e9 et son faible encombrement. De plus, contrairement \u00e0 une id\u00e9e re\u00e7ue, c&rsquo;est on ne peut plus facile et \u00a0\u00bb \u00e7a marche \u00a0\u00bb \u00e0 merveille, m\u00eame en ext\u00e9rieur ! L&rsquo;hydroculture [&hellip;]\" \/>\n<meta property=\"og:url\" content=\"https:\/\/hydropassion.com\/webZine\/hydroculture-culture-plante-interieur-hydropassion\/\" \/>\n<meta property=\"og:site_name\" content=\"WebZine Hydropassion\" \/>\n<meta property=\"article:modified_time\" content=\"2024-01-06T22:48:02+00:00\" \/>\n<meta property=\"og:image\" content=\"http:\/\/hydropassion.com\/webZine\/wp-content\/uploads\/2013\/10\/One-Way-trip-to-Mars.jpg\" \/>\n<meta name=\"twitter:card\" content=\"summary_large_image\" \/>\n<meta name=\"twitter:label1\" content=\"Dur\u00e9e de lecture estim\u00e9e\" \/>\n\t<meta name=\"twitter:data1\" content=\"2 minutes\" \/>\n<script type=\"application\/ld+json\" class=\"yoast-schema-graph\">{\"@context\":\"https:\/\/schema.org\",\"@graph\":[{\"@type\":\"WebPage\",\"@id\":\"https:\/\/hydropassion.com\/webZine\/hydroculture-culture-plante-interieur-hydropassion\/\",\"url\":\"https:\/\/hydropassion.com\/webZine\/hydroculture-culture-plante-interieur-hydropassion\/\",\"name\":\"Hydroculture - WebZine Hydropassion\",\"isPartOf\":{\"@id\":\"https:\/\/hydropassion.com\/webZine\/#website\"},\"primaryImageOfPage\":{\"@id\":\"https:\/\/hydropassion.com\/webZine\/hydroculture-culture-plante-interieur-hydropassion\/#primaryimage\"},\"image\":{\"@id\":\"https:\/\/hydropassion.com\/webZine\/hydroculture-culture-plante-interieur-hydropassion\/#primaryimage\"},\"thumbnailUrl\":\"http:\/\/hydropassion.com\/webZine\/wp-content\/uploads\/2013\/10\/One-Way-trip-to-Mars.jpg\",\"datePublished\":\"2011-10-17T18:44:43+00:00\",\"dateModified\":\"2024-01-06T22:48:02+00:00\",\"breadcrumb\":{\"@id\":\"https:\/\/hydropassion.com\/webZine\/hydroculture-culture-plante-interieur-hydropassion\/#breadcrumb\"},\"inLanguage\":\"fr-FR\",\"potentialAction\":[{\"@type\":\"ReadAction\",\"target\":[\"https:\/\/hydropassion.com\/webZine\/hydroculture-culture-plante-interieur-hydropassion\/\"]}]},{\"@type\":\"ImageObject\",\"inLanguage\":\"fr-FR\",\"@id\":\"https:\/\/hydropassion.com\/webZine\/hydroculture-culture-plante-interieur-hydropassion\/#primaryimage\",\"url\":\"http:\/\/hydropassion.com\/webZine\/wp-content\/uploads\/2013\/10\/One-Way-trip-to-Mars.jpg\",\"contentUrl\":\"http:\/\/hydropassion.com\/webZine\/wp-content\/uploads\/2013\/10\/One-Way-trip-to-Mars.jpg\"},{\"@type\":\"BreadcrumbList\",\"@id\":\"https:\/\/hydropassion.com\/webZine\/hydroculture-culture-plante-interieur-hydropassion\/#breadcrumb\",\"itemListElement\":[{\"@type\":\"ListItem\",\"position\":1,\"name\":\"Accueil\",\"item\":\"https:\/\/hydropassion.com\/webZine\/\"},{\"@type\":\"ListItem\",\"position\":2,\"name\":\"Hydroculture\"}]},{\"@type\":\"WebSite\",\"@id\":\"https:\/\/hydropassion.com\/webZine\/#website\",\"url\":\"https:\/\/hydropassion.com\/webZine\/\",\"name\":\"Webzine Hydropassion Master Grower\",\"description\":\"Toute l&#039;actualit\u00e9 des cultures en substrat organique, hydroculture &amp; hydroponique.\",\"publisher\":{\"@id\":\"https:\/\/hydropassion.com\/webZine\/#organization\"},\"potentialAction\":[{\"@type\":\"SearchAction\",\"target\":{\"@type\":\"EntryPoint\",\"urlTemplate\":\"https:\/\/hydropassion.com\/webZine\/?s={search_term_string}\"},\"query-input\":{\"@type\":\"PropertyValueSpecification\",\"valueRequired\":true,\"valueName\":\"search_term_string\"}}],\"inLanguage\":\"fr-FR\"},{\"@type\":\"Organization\",\"@id\":\"https:\/\/hydropassion.com\/webZine\/#organization\",\"name\":\"Webzine Hydropassion Master Grower\",\"url\":\"https:\/\/hydropassion.com\/webZine\/\",\"logo\":{\"@type\":\"ImageObject\",\"inLanguage\":\"fr-FR\",\"@id\":\"https:\/\/hydropassion.com\/webZine\/#\/schema\/logo\/image\/\",\"url\":\"https:\/\/hydropassion.com\/webZine\/wp-content\/uploads\/2024\/12\/Logo_WebZine-Mascottes-001.png\",\"contentUrl\":\"https:\/\/hydropassion.com\/webZine\/wp-content\/uploads\/2024\/12\/Logo_WebZine-Mascottes-001.png\",\"width\":1500,\"height\":445,\"caption\":\"Webzine Hydropassion Master Grower\"},\"image\":{\"@id\":\"https:\/\/hydropassion.com\/webZine\/#\/schema\/logo\/image\/\"}}]}<\/script>\n<!-- \/ Yoast SEO plugin. -->","yoast_head_json":{"title":"Hydroculture - WebZine Hydropassion","robots":{"index":"index","follow":"follow","max-snippet":"max-snippet:-1","max-image-preview":"max-image-preview:large","max-video-preview":"max-video-preview:-1"},"canonical":"https:\/\/hydropassion.com\/webZine\/hydroculture-culture-plante-interieur-hydropassion\/","og_locale":"fr_FR","og_type":"article","og_title":"Hydroculture - WebZine Hydropassion","og_description":"Sans terre et sans reproche ! La culture sans terre sur billes d&rsquo;argile poss\u00e8de de nombreux atouts de s\u00e9duction, \u00e0 commencer par sa propret\u00e9, sa l\u00e9g\u00e8ret\u00e9 et son faible encombrement. De plus, contrairement \u00e0 une id\u00e9e re\u00e7ue, c&rsquo;est on ne peut plus facile et \u00a0\u00bb \u00e7a marche \u00a0\u00bb \u00e0 merveille, m\u00eame en ext\u00e9rieur ! L&rsquo;hydroculture [&hellip;]","og_url":"https:\/\/hydropassion.com\/webZine\/hydroculture-culture-plante-interieur-hydropassion\/","og_site_name":"WebZine Hydropassion","article_modified_time":"2024-01-06T22:48:02+00:00","og_image":[{"url":"http:\/\/hydropassion.com\/webZine\/wp-content\/uploads\/2013\/10\/One-Way-trip-to-Mars.jpg","type":"","width":"","height":""}],"twitter_card":"summary_large_image","twitter_misc":{"Dur\u00e9e de lecture estim\u00e9e":"2 minutes"},"schema":{"@context":"https:\/\/schema.org","@graph":[{"@type":"WebPage","@id":"https:\/\/hydropassion.com\/webZine\/hydroculture-culture-plante-interieur-hydropassion\/","url":"https:\/\/hydropassion.com\/webZine\/hydroculture-culture-plante-interieur-hydropassion\/","name":"Hydroculture - WebZine Hydropassion","isPartOf":{"@id":"https:\/\/hydropassion.com\/webZine\/#website"},"primaryImageOfPage":{"@id":"https:\/\/hydropassion.com\/webZine\/hydroculture-culture-plante-interieur-hydropassion\/#primaryimage"},"image":{"@id":"https:\/\/hydropassion.com\/webZine\/hydroculture-culture-plante-interieur-hydropassion\/#primaryimage"},"thumbnailUrl":"http:\/\/hydropassion.com\/webZine\/wp-content\/uploads\/2013\/10\/One-Way-trip-to-Mars.jpg","datePublished":"2011-10-17T18:44:43+00:00","dateModified":"2024-01-06T22:48:02+00:00","breadcrumb":{"@id":"https:\/\/hydropassion.com\/webZine\/hydroculture-culture-plante-interieur-hydropassion\/#breadcrumb"},"inLanguage":"fr-FR","potentialAction":[{"@type":"ReadAction","target":["https:\/\/hydropassion.com\/webZine\/hydroculture-culture-plante-interieur-hydropassion\/"]}]},{"@type":"ImageObject","inLanguage":"fr-FR","@id":"https:\/\/hydropassion.com\/webZine\/hydroculture-culture-plante-interieur-hydropassion\/#primaryimage","url":"http:\/\/hydropassion.com\/webZine\/wp-content\/uploads\/2013\/10\/One-Way-trip-to-Mars.jpg","contentUrl":"http:\/\/hydropassion.com\/webZine\/wp-content\/uploads\/2013\/10\/One-Way-trip-to-Mars.jpg"},{"@type":"BreadcrumbList","@id":"https:\/\/hydropassion.com\/webZine\/hydroculture-culture-plante-interieur-hydropassion\/#breadcrumb","itemListElement":[{"@type":"ListItem","position":1,"name":"Accueil","item":"https:\/\/hydropassion.com\/webZine\/"},{"@type":"ListItem","position":2,"name":"Hydroculture"}]},{"@type":"WebSite","@id":"https:\/\/hydropassion.com\/webZine\/#website","url":"https:\/\/hydropassion.com\/webZine\/","name":"Webzine Hydropassion Master Grower","description":"Toute l&#039;actualit\u00e9 des cultures en substrat organique, hydroculture &amp; hydroponique.","publisher":{"@id":"https:\/\/hydropassion.com\/webZine\/#organization"},"potentialAction":[{"@type":"SearchAction","target":{"@type":"EntryPoint","urlTemplate":"https:\/\/hydropassion.com\/webZine\/?s={search_term_string}"},"query-input":{"@type":"PropertyValueSpecification","valueRequired":true,"valueName":"search_term_string"}}],"inLanguage":"fr-FR"},{"@type":"Organization","@id":"https:\/\/hydropassion.com\/webZine\/#organization","name":"Webzine Hydropassion Master Grower","url":"https:\/\/hydropassion.com\/webZine\/","logo":{"@type":"ImageObject","inLanguage":"fr-FR","@id":"https:\/\/hydropassion.com\/webZine\/#\/schema\/logo\/image\/","url":"https:\/\/hydropassion.com\/webZine\/wp-content\/uploads\/2024\/12\/Logo_WebZine-Mascottes-001.png","contentUrl":"https:\/\/hydropassion.com\/webZine\/wp-content\/uploads\/2024\/12\/Logo_WebZine-Mascottes-001.png","width":1500,"height":445,"caption":"Webzine Hydropassion Master Grower"},"image":{"@id":"https:\/\/hydropassion.com\/webZine\/#\/schema\/logo\/image\/"}}]}},"_links":{"self":[{"href":"https:\/\/hydropassion.com\/webZine\/wp-json\/wp\/v2\/pages\/15","targetHints":{"allow":["GET"]}}],"collection":[{"href":"https:\/\/hydropassion.com\/webZine\/wp-json\/wp\/v2\/pages"}],"about":[{"href":"https:\/\/hydropassion.com\/webZine\/wp-json\/wp\/v2\/types\/page"}],"author":[{"embeddable":true,"href":"https:\/\/hydropassion.com\/webZine\/wp-json\/wp\/v2\/users\/3"}],"replies":[{"embeddable":true,"href":"https:\/\/hydropassion.com\/webZine\/wp-json\/wp\/v2\/comments?post=15"}],"version-history":[{"count":12,"href":"https:\/\/hydropassion.com\/webZine\/wp-json\/wp\/v2\/pages\/15\/revisions"}],"predecessor-version":[{"id":774,"href":"https:\/\/hydropassion.com\/webZine\/wp-json\/wp\/v2\/pages\/15\/revisions\/774"}],"wp:attachment":[{"href":"https:\/\/hydropassion.com\/webZine\/wp-json\/wp\/v2\/media?parent=15"}],"curies":[{"name":"wp","href":"https:\/\/api.w.org\/{rel}","templated":true}]}}