{"id":17,"date":"2011-10-17T20:45:26","date_gmt":"2011-10-17T18:45:26","guid":{"rendered":"http:\/\/hydropassion.com\/webZine\/?page_id=17"},"modified":"2024-01-06T23:42:59","modified_gmt":"2024-01-06T22:42:59","slug":"hydropassion-specialiste-hydroculture-plante-jardin-fruit","status":"publish","type":"page","link":"https:\/\/hydropassion.com\/webZine\/hydropassion-specialiste-hydroculture-plante-jardin-fruit\/","title":{"rendered":"Hydropassion \/ Master Grower"},"content":{"rendered":"\n<h3 class=\"wp-block-heading\">Depuis 2009, nous fabriquons en France des produits haut de gamme pour la nutrition, la mise en culture, et le traitement des plantes.<\/h3>\n\n\n\n<p><img decoding=\"async\" style=\"width: 700px;\" src=\"https:\/\/m.media-amazon.com\/images\/S\/aplus-media-library-service-media\/e7294e8a-6ad1-4c7f-afb4-96f32ee081dc.__CR0,486,1428,883_PT0_SX970_V1___.jpg\" alt=\"Hydropassion, culture v\u00e9g\u00e9tale, hydroponique, agriculture biologique, engrais, stimulateur, \"><\/p>\n\n\n\n<h3 class=\"wp-block-heading\">Des marques r\u00e9put\u00e9es ! Master Grower, Easy Hydroponics, Massive Bloom, Xtra Roots, Prime Sugar, Liquid Ocean, Oxyboost, Insect Eliminator &#8230;<\/h3>\n\n\n\n<p>Une gamme in\u00e9dite conditionn\u00e9e en Bretagne dans le Finist\u00e8re, premi\u00e8re r\u00e9gion maraich\u00e8re de France, et haut lieu de la culture v\u00e9g\u00e9tale. Le d\u00e9veloppement et la mise au point des formulations est r\u00e9alis\u00e9 en laboratoire, et nos produits sont test\u00e9s avant commercialisation par des cultivateurs exp\u00e9riment\u00e9s. Notre objectif est votre satisfaction !<\/p>\n\n\n\n<h3 class=\"wp-block-heading\">Une entreprise \u00e0 taille humaine qui \u0153uvre avec passion.<\/h3>\n\n\n\n<p><img decoding=\"async\" style=\"width: 700px;\" src=\"https:\/\/m.media-amazon.com\/images\/S\/aplus-media-library-service-media\/03379cd0-a98b-4f9e-a6c2-6dbbbfdb3dc5.__CR664,0,1235,764_PT0_SX970_V1___.jpg\" alt=\"Hydropassion, culture v\u00e9g\u00e9tale, hydroponique, agriculture biologique, engrais, stimulateur, algues\"><\/p>\n\n\n\n<h3 class=\"wp-block-heading\">Des produits de qualit\u00e9, des process efficients, des exigences qualit\u00e9 produit sans concession. Ce sont les ingr\u00e9dients cl\u00e9s de la performance.<\/h3>\n\n\n\n<p>Pour la fabrication, nous privil\u00e9gions l\u2019utilisation de mati\u00e8res premi\u00e8res organiques (Algues, extraits v\u00e9g\u00e9taux et marins) d\u2019une grande fra\u00eecheur, qui sont stock\u00e9es, formul\u00e9es et conditionn\u00e9es par nos soins. Cette particularit\u00e9 nous permet de proposer des produits tr\u00e8s concentr\u00e9s et d\u2019une qualit\u00e9 constante.<\/p>\n\n\n\n<ul class=\"wp-block-list\">\n<li>Connaissez-vous les pouvoirs des algues ?<\/li>\n<\/ul>\n\n\n\n<p>En plus de limiter l&rsquo;utilisation des produits issus de la p\u00e9trochimie que l\u2019on retrouve dans les engrais classiques, ces v\u00e9g\u00e9taux aquatiques absorbent de grandes quantit\u00e9s de CO2 pendant toute leur p\u00e9riode de croissance et contribuent donc \u00e0 l\u2019att\u00e9nuation du changement climatique.<\/p>\n\n\n\n<p>R\u00e9colt\u00e9es et transform\u00e9es en circuit court, elles permettent \u00e9galement de r\u00e9duire les \u00e9missions de CO2 du cycle de vie de nos produits.<\/p>\n\n\n\n<p>Elles donnent un fort pouvoir stimulant puisque nos extraits d\u2019algues apportent une dose \u00e9lev\u00e9e de phytohormones naturelles, acides amin\u00e9s et hydrates de carbone.<\/p>\n\n\n\n<ul class=\"wp-block-list\">\n<li>Connaissez-vous les pouvoirs des v\u00e9g\u00e9taux ?<\/li>\n<\/ul>\n\n\n\n<p>Extrait v\u00e9g\u00e9tal de Pr\u00eale riche en silicium (participe \u00e0 l\u2019augmentation de l\u2019\u00e9paisseur des parois cellulaires v\u00e9g\u00e9tales et \u00e0 un meilleur port), en potassium, en oligo\u00e9l\u00e9ments et en vitamines. Il s\u2019agit d\u2019un puissant dynamiseur de croissance.<\/p>\n\n\n\n<p>Extrait v\u00e9g\u00e9tal de Consoude riche en min\u00e9raux (potassium, calcium, magn\u00e9sium), oligo\u00e9l\u00e9ments (Fe, Cu, B, Mn, Zn), vitamines (A, C, B12, E) ainsi qu\u2019en une mol\u00e9cule simili-hormonale, l\u2019allanto\u00efne, qui a la propri\u00e9t\u00e9 d\u2019acc\u00e9l\u00e9rer la multiplication cellulaire. Cet extrait contient \u00e9galement des saponines qui constituent un excellent mouillant et restructurant pour le sol.<\/p>\n\n\n\n<ul class=\"wp-block-list\">\n<li>Connaissez-vous les pouvoirs de l&rsquo;eau de mer ?<\/li>\n<\/ul>\n\n\n\n<p>Extrait d\u2019eau de mer purifi\u00e9e riche en magn\u00e9sium et en oligo\u00e9l\u00e9ments.<\/p>\n\n\n\n<p>La recherche et le d\u00e9veloppement sont les conditions indispensables de l\u2019innovation et de l\u2019introduction des nouvelles technologies. C\u2019est pourquoi nous faisons appel aux m\u00e9thodes les plus modernes pour offrir des solutions concr\u00e8tes, novatrices et rentables en mati\u00e8re de nutrition et de protection des plantes, permettant de conserver l\u2019\u00e9tat de sant\u00e9 des cultures tout en atteignant un rendement maximum.<\/p>\n\n\n\n<ul class=\"wp-block-list\">\n<li>Les produits Liquid Ocean, Prime Sugar, Master Grower Bio, Mc4 sont utilisables en Agriculture Biologique conform\u00e9ment aux r\u00e8glements (UE) n\u00b0 2018\/848 et 2021\/1165. et sont contr\u00f4l\u00e9s par ECOCERT F-32600.<\/li>\n<\/ul>\n","protected":false},"excerpt":{"rendered":"<p>Depuis 2009, nous fabriquons en France des produits haut de gamme pour la nutrition, la mise en culture, et le traitement des plantes. Des marques r\u00e9put\u00e9es ! Master Grower, Easy Hydroponics, Massive Bloom, Xtra Roots, Prime Sugar, Liquid Ocean, Oxyboost, Insect Eliminator &#8230; Une gamme in\u00e9dite conditionn\u00e9e en Bretagne dans le Finist\u00e8re, premi\u00e8re r\u00e9gion maraich\u00e8re [&hellip;]<\/p>\n","protected":false},"author":3,"featured_media":0,"parent":0,"menu_order":1,"comment_status":"closed","ping_status":"closed","template":"","meta":{"_monsterinsights_skip_tracking":false,"_monsterinsights_sitenote_active":false,"_monsterinsights_sitenote_note":"","_monsterinsights_sitenote_category":0,"footnotes":""},"class_list":["post-17","page","type-page","status-publish","hentry"],"yoast_head":"<!-- This site is optimized with the Yoast SEO plugin v24.5 - https:\/\/yoast.com\/wordpress\/plugins\/seo\/ -->\n<title>Hydropassion \/ Master Grower - WebZine Hydropassion<\/title>\n<meta name=\"robots\" content=\"index, follow, max-snippet:-1, max-image-preview:large, max-video-preview:-1\" \/>\n<link rel=\"canonical\" href=\"https:\/\/hydropassion.com\/webZine\/hydropassion-specialiste-hydroculture-plante-jardin-fruit\/\" \/>\n<meta property=\"og:locale\" content=\"fr_FR\" \/>\n<meta property=\"og:type\" content=\"article\" \/>\n<meta property=\"og:title\" content=\"Hydropassion \/ Master Grower - WebZine Hydropassion\" \/>\n<meta property=\"og:description\" content=\"Depuis 2009, nous fabriquons en France des produits haut de gamme pour la nutrition, la mise en culture, et le traitement des plantes. Des marques r\u00e9put\u00e9es ! Master Grower, Easy Hydroponics, Massive Bloom, Xtra Roots, Prime Sugar, Liquid Ocean, Oxyboost, Insect Eliminator &#8230; Une gamme in\u00e9dite conditionn\u00e9e en Bretagne dans le Finist\u00e8re, premi\u00e8re r\u00e9gion maraich\u00e8re [&hellip;]\" \/>\n<meta property=\"og:url\" content=\"https:\/\/hydropassion.com\/webZine\/hydropassion-specialiste-hydroculture-plante-jardin-fruit\/\" \/>\n<meta property=\"og:site_name\" content=\"WebZine Hydropassion\" \/>\n<meta property=\"article:modified_time\" content=\"2024-01-06T22:42:59+00:00\" \/>\n<meta property=\"og:image\" content=\"https:\/\/m.media-amazon.com\/images\/S\/aplus-media-library-service-media\/e7294e8a-6ad1-4c7f-afb4-96f32ee081dc.__CR0,486,1428,883_PT0_SX970_V1___.jpg\" \/>\n<meta name=\"twitter:card\" content=\"summary_large_image\" \/>\n<meta name=\"twitter:label1\" content=\"Dur\u00e9e de lecture estim\u00e9e\" \/>\n\t<meta name=\"twitter:data1\" content=\"3 minutes\" \/>\n<script type=\"application\/ld+json\" class=\"yoast-schema-graph\">{\"@context\":\"https:\/\/schema.org\",\"@graph\":[{\"@type\":\"WebPage\",\"@id\":\"https:\/\/hydropassion.com\/webZine\/hydropassion-specialiste-hydroculture-plante-jardin-fruit\/\",\"url\":\"https:\/\/hydropassion.com\/webZine\/hydropassion-specialiste-hydroculture-plante-jardin-fruit\/\",\"name\":\"Hydropassion \/ Master Grower - WebZine Hydropassion\",\"isPartOf\":{\"@id\":\"https:\/\/hydropassion.com\/webZine\/#website\"},\"primaryImageOfPage\":{\"@id\":\"https:\/\/hydropassion.com\/webZine\/hydropassion-specialiste-hydroculture-plante-jardin-fruit\/#primaryimage\"},\"image\":{\"@id\":\"https:\/\/hydropassion.com\/webZine\/hydropassion-specialiste-hydroculture-plante-jardin-fruit\/#primaryimage\"},\"thumbnailUrl\":\"https:\/\/m.media-amazon.com\/images\/S\/aplus-media-library-service-media\/e7294e8a-6ad1-4c7f-afb4-96f32ee081dc.__CR0,486,1428,883_PT0_SX970_V1___.jpg\",\"datePublished\":\"2011-10-17T18:45:26+00:00\",\"dateModified\":\"2024-01-06T22:42:59+00:00\",\"breadcrumb\":{\"@id\":\"https:\/\/hydropassion.com\/webZine\/hydropassion-specialiste-hydroculture-plante-jardin-fruit\/#breadcrumb\"},\"inLanguage\":\"fr-FR\",\"potentialAction\":[{\"@type\":\"ReadAction\",\"target\":[\"https:\/\/hydropassion.com\/webZine\/hydropassion-specialiste-hydroculture-plante-jardin-fruit\/\"]}]},{\"@type\":\"ImageObject\",\"inLanguage\":\"fr-FR\",\"@id\":\"https:\/\/hydropassion.com\/webZine\/hydropassion-specialiste-hydroculture-plante-jardin-fruit\/#primaryimage\",\"url\":\"https:\/\/m.media-amazon.com\/images\/S\/aplus-media-library-service-media\/e7294e8a-6ad1-4c7f-afb4-96f32ee081dc.__CR0,486,1428,883_PT0_SX970_V1___.jpg\",\"contentUrl\":\"https:\/\/m.media-amazon.com\/images\/S\/aplus-media-library-service-media\/e7294e8a-6ad1-4c7f-afb4-96f32ee081dc.__CR0,486,1428,883_PT0_SX970_V1___.jpg\"},{\"@type\":\"BreadcrumbList\",\"@id\":\"https:\/\/hydropassion.com\/webZine\/hydropassion-specialiste-hydroculture-plante-jardin-fruit\/#breadcrumb\",\"itemListElement\":[{\"@type\":\"ListItem\",\"position\":1,\"name\":\"Accueil\",\"item\":\"https:\/\/hydropassion.com\/webZine\/\"},{\"@type\":\"ListItem\",\"position\":2,\"name\":\"Hydropassion \/ Master Grower\"}]},{\"@type\":\"WebSite\",\"@id\":\"https:\/\/hydropassion.com\/webZine\/#website\",\"url\":\"https:\/\/hydropassion.com\/webZine\/\",\"name\":\"Webzine Hydropassion Master Grower\",\"description\":\"Toute l&#039;actualit\u00e9 des cultures en substrat organique, hydroculture &amp; hydroponique.\",\"publisher\":{\"@id\":\"https:\/\/hydropassion.com\/webZine\/#organization\"},\"potentialAction\":[{\"@type\":\"SearchAction\",\"target\":{\"@type\":\"EntryPoint\",\"urlTemplate\":\"https:\/\/hydropassion.com\/webZine\/?s={search_term_string}\"},\"query-input\":{\"@type\":\"PropertyValueSpecification\",\"valueRequired\":true,\"valueName\":\"search_term_string\"}}],\"inLanguage\":\"fr-FR\"},{\"@type\":\"Organization\",\"@id\":\"https:\/\/hydropassion.com\/webZine\/#organization\",\"name\":\"Webzine Hydropassion Master Grower\",\"url\":\"https:\/\/hydropassion.com\/webZine\/\",\"logo\":{\"@type\":\"ImageObject\",\"inLanguage\":\"fr-FR\",\"@id\":\"https:\/\/hydropassion.com\/webZine\/#\/schema\/logo\/image\/\",\"url\":\"https:\/\/hydropassion.com\/webZine\/wp-content\/uploads\/2024\/12\/Logo_WebZine-Mascottes-001.png\",\"contentUrl\":\"https:\/\/hydropassion.com\/webZine\/wp-content\/uploads\/2024\/12\/Logo_WebZine-Mascottes-001.png\",\"width\":1500,\"height\":445,\"caption\":\"Webzine Hydropassion Master Grower\"},\"image\":{\"@id\":\"https:\/\/hydropassion.com\/webZine\/#\/schema\/logo\/image\/\"}}]}<\/script>\n<!-- \/ Yoast SEO plugin. -->","yoast_head_json":{"title":"Hydropassion \/ Master Grower - WebZine Hydropassion","robots":{"index":"index","follow":"follow","max-snippet":"max-snippet:-1","max-image-preview":"max-image-preview:large","max-video-preview":"max-video-preview:-1"},"canonical":"https:\/\/hydropassion.com\/webZine\/hydropassion-specialiste-hydroculture-plante-jardin-fruit\/","og_locale":"fr_FR","og_type":"article","og_title":"Hydropassion \/ Master Grower - WebZine Hydropassion","og_description":"Depuis 2009, nous fabriquons en France des produits haut de gamme pour la nutrition, la mise en culture, et le traitement des plantes. Des marques r\u00e9put\u00e9es ! Master Grower, Easy Hydroponics, Massive Bloom, Xtra Roots, Prime Sugar, Liquid Ocean, Oxyboost, Insect Eliminator &#8230; Une gamme in\u00e9dite conditionn\u00e9e en Bretagne dans le Finist\u00e8re, premi\u00e8re r\u00e9gion maraich\u00e8re [&hellip;]","og_url":"https:\/\/hydropassion.com\/webZine\/hydropassion-specialiste-hydroculture-plante-jardin-fruit\/","og_site_name":"WebZine Hydropassion","article_modified_time":"2024-01-06T22:42:59+00:00","og_image":[{"url":"https:\/\/m.media-amazon.com\/images\/S\/aplus-media-library-service-media\/e7294e8a-6ad1-4c7f-afb4-96f32ee081dc.__CR0,486,1428,883_PT0_SX970_V1___.jpg","type":"","width":"","height":""}],"twitter_card":"summary_large_image","twitter_misc":{"Dur\u00e9e de lecture estim\u00e9e":"3 minutes"},"schema":{"@context":"https:\/\/schema.org","@graph":[{"@type":"WebPage","@id":"https:\/\/hydropassion.com\/webZine\/hydropassion-specialiste-hydroculture-plante-jardin-fruit\/","url":"https:\/\/hydropassion.com\/webZine\/hydropassion-specialiste-hydroculture-plante-jardin-fruit\/","name":"Hydropassion \/ Master Grower - WebZine Hydropassion","isPartOf":{"@id":"https:\/\/hydropassion.com\/webZine\/#website"},"primaryImageOfPage":{"@id":"https:\/\/hydropassion.com\/webZine\/hydropassion-specialiste-hydroculture-plante-jardin-fruit\/#primaryimage"},"image":{"@id":"https:\/\/hydropassion.com\/webZine\/hydropassion-specialiste-hydroculture-plante-jardin-fruit\/#primaryimage"},"thumbnailUrl":"https:\/\/m.media-amazon.com\/images\/S\/aplus-media-library-service-media\/e7294e8a-6ad1-4c7f-afb4-96f32ee081dc.__CR0,486,1428,883_PT0_SX970_V1___.jpg","datePublished":"2011-10-17T18:45:26+00:00","dateModified":"2024-01-06T22:42:59+00:00","breadcrumb":{"@id":"https:\/\/hydropassion.com\/webZine\/hydropassion-specialiste-hydroculture-plante-jardin-fruit\/#breadcrumb"},"inLanguage":"fr-FR","potentialAction":[{"@type":"ReadAction","target":["https:\/\/hydropassion.com\/webZine\/hydropassion-specialiste-hydroculture-plante-jardin-fruit\/"]}]},{"@type":"ImageObject","inLanguage":"fr-FR","@id":"https:\/\/hydropassion.com\/webZine\/hydropassion-specialiste-hydroculture-plante-jardin-fruit\/#primaryimage","url":"https:\/\/m.media-amazon.com\/images\/S\/aplus-media-library-service-media\/e7294e8a-6ad1-4c7f-afb4-96f32ee081dc.__CR0,486,1428,883_PT0_SX970_V1___.jpg","contentUrl":"https:\/\/m.media-amazon.com\/images\/S\/aplus-media-library-service-media\/e7294e8a-6ad1-4c7f-afb4-96f32ee081dc.__CR0,486,1428,883_PT0_SX970_V1___.jpg"},{"@type":"BreadcrumbList","@id":"https:\/\/hydropassion.com\/webZine\/hydropassion-specialiste-hydroculture-plante-jardin-fruit\/#breadcrumb","itemListElement":[{"@type":"ListItem","position":1,"name":"Accueil","item":"https:\/\/hydropassion.com\/webZine\/"},{"@type":"ListItem","position":2,"name":"Hydropassion \/ Master Grower"}]},{"@type":"WebSite","@id":"https:\/\/hydropassion.com\/webZine\/#website","url":"https:\/\/hydropassion.com\/webZine\/","name":"Webzine Hydropassion Master Grower","description":"Toute l&#039;actualit\u00e9 des cultures en substrat organique, hydroculture &amp; hydroponique.","publisher":{"@id":"https:\/\/hydropassion.com\/webZine\/#organization"},"potentialAction":[{"@type":"SearchAction","target":{"@type":"EntryPoint","urlTemplate":"https:\/\/hydropassion.com\/webZine\/?s={search_term_string}"},"query-input":{"@type":"PropertyValueSpecification","valueRequired":true,"valueName":"search_term_string"}}],"inLanguage":"fr-FR"},{"@type":"Organization","@id":"https:\/\/hydropassion.com\/webZine\/#organization","name":"Webzine Hydropassion Master Grower","url":"https:\/\/hydropassion.com\/webZine\/","logo":{"@type":"ImageObject","inLanguage":"fr-FR","@id":"https:\/\/hydropassion.com\/webZine\/#\/schema\/logo\/image\/","url":"https:\/\/hydropassion.com\/webZine\/wp-content\/uploads\/2024\/12\/Logo_WebZine-Mascottes-001.png","contentUrl":"https:\/\/hydropassion.com\/webZine\/wp-content\/uploads\/2024\/12\/Logo_WebZine-Mascottes-001.png","width":1500,"height":445,"caption":"Webzine Hydropassion Master Grower"},"image":{"@id":"https:\/\/hydropassion.com\/webZine\/#\/schema\/logo\/image\/"}}]}},"_links":{"self":[{"href":"https:\/\/hydropassion.com\/webZine\/wp-json\/wp\/v2\/pages\/17","targetHints":{"allow":["GET"]}}],"collection":[{"href":"https:\/\/hydropassion.com\/webZine\/wp-json\/wp\/v2\/pages"}],"about":[{"href":"https:\/\/hydropassion.com\/webZine\/wp-json\/wp\/v2\/types\/page"}],"author":[{"embeddable":true,"href":"https:\/\/hydropassion.com\/webZine\/wp-json\/wp\/v2\/users\/3"}],"replies":[{"embeddable":true,"href":"https:\/\/hydropassion.com\/webZine\/wp-json\/wp\/v2\/comments?post=17"}],"version-history":[{"count":23,"href":"https:\/\/hydropassion.com\/webZine\/wp-json\/wp\/v2\/pages\/17\/revisions"}],"predecessor-version":[{"id":773,"href":"https:\/\/hydropassion.com\/webZine\/wp-json\/wp\/v2\/pages\/17\/revisions\/773"}],"wp:attachment":[{"href":"https:\/\/hydropassion.com\/webZine\/wp-json\/wp\/v2\/media?parent=17"}],"curies":[{"name":"wp","href":"https:\/\/api.w.org\/{rel}","templated":true}]}}