{"id":86,"date":"2012-02-10T18:37:58","date_gmt":"2012-02-10T17:37:58","guid":{"rendered":"http:\/\/hydropassion.com\/webZine\/?page_id=86"},"modified":"2012-04-13T01:24:05","modified_gmt":"2012-04-12T23:24:05","slug":"mur-vegetal-hydro-hydroponie","status":"publish","type":"page","link":"https:\/\/hydropassion.com\/webZine\/mur-vegetal-hydro-hydroponie\/","title":{"rendered":"Murs v\u00e9g\u00e9talis\u00e9s"},"content":{"rendered":"<h4 style=\"text-align: justify;\">PAGE 1\/5<br \/>\nAller \u00e0 : <a title=\"Murs v\u00e9g\u00e9talis\u00e9s\" href=\"https:\/\/hydropassion.com\/webZine\/mur-vegetal-hydro-hydroponie\">1<\/a> &#8211; <a title=\"Murs v\u00e9g\u00e9talis\u00e9s (2\/5)\" href=\"https:\/\/hydropassion.com\/webZine\/mur-vegetal-hydro-hydroponie\/mur-vegetalise-24\">2<\/a> &#8211; <a title=\"Murs v\u00e9g\u00e9talis\u00e9s (3\/5)\" href=\"https:\/\/hydropassion.com\/webZine\/mur-vegetal-hydro-hydroponie\/murs-vegetalises-34\">3<\/a> &#8211; <a title=\"Murs v\u00e9g\u00e9talis\u00e9s (4\/5)\" href=\"https:\/\/hydropassion.com\/webZine\/mur-vegetal-hydro-hydroponie\/murs-vegetalises-45\">4<\/a> &#8211; <a title=\"Murs v\u00e9g\u00e9talis\u00e9s (5\/5)\" href=\"https:\/\/hydropassion.com\/webZine\/mur-vegetal-hydro-hydroponie\/murs-vegetalises-55\">5<\/a><\/h4>\n<h4 style=\"text-align: justify;\">FIGURE 1\u00a0: Sch\u00e9ma du tableau v\u00e9g\u00e9tal<\/h4>\n<p style=\"text-align: justify;\">Le tableau v\u00e9g\u00e9tal est fabriqu\u00e9 \u00e0 partir d\u2019un plateau de culture qui fait office de support et de contenant pour le substrat. Ce plateau est rempli de 5 pains ou nattes de laine de roche pris en sandwich entre deux couches de feutre horticole, et le tout est maintenu par un grillage plastique rivet\u00e9 sur les bords de la table.<br \/>\nL\u2019irrigation s\u2019effectue en amenant des tuyaux de 4,6 mm \u00e0 5 trous perc\u00e9s sur le bord sup\u00e9rieur de la table dans des trous du m\u00eame diam\u00e8tre.<br \/>\nLes plantes sont irrigu\u00e9es par la solution nutritive qui s\u2019\u00e9coule dans la laine de roche. Arriv\u00e9e en bas de la table, celle-ci se d\u00e9verse dans la goutti\u00e8re qui la guide vers le r\u00e9servoir.<br \/>\npr\u00e9paration du mat\u00e9riel<br \/>\nAvant de commencer la fabrication du mur, il faut r\u00e9unir toutes les plantes (entre 10 et 30), tout le mat\u00e9riel ainsi que les produits d\u2019entretien pour optimiser les chances de reprise des plantes.<\/p>\n<h4 style=\"text-align: justify;\">Outillage :<\/h4>\n<ul style=\"text-align: justify;\">\n<li>Une perceuse<\/li>\n<li>Un foret m\u00e9tal 5mm<\/li>\n<li>Toupie foreuse diam\u00e8tre \u00a032mm<\/li>\n<li>Une pince \u00e0 rivets<\/li>\n<li>Une pince Multiprise<\/li>\n<li>Une paire de bons ciseaux<\/li>\n<li>Une scie \u00e0 m\u00e9taux<\/li>\n<li>Quatre serre-joint<\/li>\n<li>Une paire de gants<\/li>\n<li>Un masque anti-poussi\u00e8re<\/li>\n<\/ul>\n<h4 style=\"text-align: justify;\">Mat\u00e9riel :<\/h4>\n<p style=\"text-align: justify;\">Disponible dans les magasins de culture d\u2019int\u00e9rieur :<\/p>\n<ul style=\"text-align: justify;\">\n<li>1 Table \u00e0 mar\u00e9e Dumas 106cm*80cm*10cm (env 38 euros)<\/li>\n<li>5 pains de Laine de Roche 100cm*15cm*10cm grodan (env 4 euros pi\u00e8ce)<\/li>\n<li>3 m\u00e8tres d\u2019Aquanappe (env 3 euros le m\u00e8tre)<\/li>\n<li>1 R\u00e9servoir Aquafarm 40 Litres (env 25 euros) ou tout contenant \u00e9tanche et neutre chimiquement d\u2019un volume au moins \u00e9quivalent<\/li>\n<li>2 m\u00e8tres de tuyau diam\u00e8tre 13-16mm (env 1 euro le m)<\/li>\n<li>10 m\u00e8tres tuyau diam\u00e8tre 4,6 mm (env 0,5 euro le m)<\/li>\n<li>10 colliers de serrage plastique diam\u00e8tre 13 mm (env 0,5 euros pi\u00e8ce)<\/li>\n<li>1 Filtre en ligne diam\u00e8tre 13-16mm ( env 9 euros)<\/li>\n<li>1 bouchon diam\u00e8tre 13mm (env 1 euros pi\u00e8ce)<\/li>\n<li>2 coudes diam\u00e8tre 13mm (env 1 euros pi\u00e8ce)<\/li>\n<li>1 entr\u00e9e d\u2019eau Table \u00e0 mar\u00e9e diam\u00e8tre 13mm (env\u00a0 10 euros)<\/li>\n<li>Pompe \u00e0 eau (de 33 \u00e0 92 euros en fonction de la hauteur d\u2019accrochage du tableau)<\/li>\n<\/ul>\n<h4 style=\"text-align: justify;\">Produits et mat\u00e9riel d\u2019entretien\u00a0:<\/h4>\n<ul>\n<li>1 litre d\u2019engrais hydroponique complet<\/li>\n<li>0,5 litre d\u2019acide horticole (r\u00e9gulateur de pH)<\/li>\n<li>0,25 litre de stimulateur racinaire<\/li>\n<li>0,25 litre de m\u00e9lange d\u2019enzymes<\/li>\n<li>Un test de pH colorim\u00e8trique<br \/>\npH test kit\u00a0 (env 7 euros)<\/li>\n<li>Un testeur d\u2019EC ( env 50 euros)<\/li>\n<li>Un insecticide naturel<\/li>\n<\/ul>\n<p style=\"text-align: justify;\"><em><strong>Disponible dans les jardineries<\/strong><\/em><\/p>\n<ul>\n<li>3 ou 5 r\u00e9ducteurs d13-4mm gardena<\/li>\n<li>3 ou 5 goutteurs r\u00e9glable gardena ( env 9 euros les 10)<\/li>\n<\/ul>\n<p style=\"text-align: justify;\"><em><strong>Disponible dans les grandes surfaces de bricolage<\/strong><\/em><\/p>\n<ul>\n<li>3 profils plats alu 15.5mm*2mm * longueur 2m<\/li>\n<li>1 Boite de rondelles plates larges diam\u00e8tre 5mm<\/li>\n<li>2 boites de Rivets aveugles (pops) standard Alu\/Acier T\u00eate large diam 4.9mm*14mm<\/li>\n<li>3 Pitons m\u00e9triques en acier zingu\u00e9 5*50mm (par ex Wurth r\u00e9f\u00e9rence 1276 35 50)<\/li>\n<li>6 \u00e9crous pans M5 acier zingu\u00e9 DIN934 (par ex Wurth r\u00e9f\u00e9rence 0317 5)<\/li>\n<li>1 Profil Goutti\u00e8re 16cm longueur\u00a0: 1 m\u00e8tre + Fond Gauche 16cm + Fond Droit 16cm<\/li>\n<li>Un programmateur journalier m\u00e9canique<\/li>\n<\/ul>\n<p>PAGE 1\/5<br \/>\nAller \u00e0 : <a title=\"Murs v\u00e9g\u00e9talis\u00e9s\" href=\"https:\/\/hydropassion.com\/webZine\/mur-vegetal-hydro-hydroponie\">1<\/a> &#8211; <a title=\"Murs v\u00e9g\u00e9talis\u00e9s (2\/5)\" href=\"https:\/\/hydropassion.com\/webZine\/mur-vegetal-hydro-hydroponie\/mur-vegetalise-24\">2<\/a> &#8211; <a title=\"Murs v\u00e9g\u00e9talis\u00e9s (3\/5)\" href=\"https:\/\/hydropassion.com\/webZine\/mur-vegetal-hydro-hydroponie\/murs-vegetalises-34\">3<\/a> &#8211; <a title=\"Murs v\u00e9g\u00e9talis\u00e9s (4\/5)\" href=\"https:\/\/hydropassion.com\/webZine\/mur-vegetal-hydro-hydroponie\/murs-vegetalises-45\">4<\/a> &#8211; <a title=\"Murs v\u00e9g\u00e9talis\u00e9s (5\/5)\" href=\"https:\/\/hydropassion.com\/webZine\/mur-vegetal-hydro-hydroponie\/murs-vegetalises-55\">5<\/a><\/p>\n","protected":false},"excerpt":{"rendered":"<p>PAGE 1\/5 Aller \u00e0 : 1 &#8211; 2 &#8211; 3 &#8211; 4 &#8211; 5 FIGURE 1\u00a0: Sch\u00e9ma du tableau v\u00e9g\u00e9tal Le tableau v\u00e9g\u00e9tal est fabriqu\u00e9 \u00e0 partir d\u2019un plateau de culture qui fait office de support et de contenant pour le substrat. Ce plateau est rempli de 5 pains ou nattes de laine de roche [&hellip;]<\/p>\n","protected":false},"author":3,"featured_media":0,"parent":0,"menu_order":3,"comment_status":"closed","ping_status":"closed","template":"","meta":{"_monsterinsights_skip_tracking":false,"_monsterinsights_sitenote_active":false,"_monsterinsights_sitenote_note":"","_monsterinsights_sitenote_category":0,"footnotes":""},"class_list":["post-86","page","type-page","status-publish","hentry"],"yoast_head":"<!-- This site is optimized with the Yoast SEO plugin v24.5 - https:\/\/yoast.com\/wordpress\/plugins\/seo\/ -->\n<title>Murs v\u00e9g\u00e9talis\u00e9s - WebZine Hydropassion<\/title>\n<meta name=\"robots\" content=\"index, follow, max-snippet:-1, max-image-preview:large, max-video-preview:-1\" \/>\n<link rel=\"canonical\" href=\"https:\/\/hydropassion.com\/webZine\/mur-vegetal-hydro-hydroponie\/\" \/>\n<meta property=\"og:locale\" content=\"fr_FR\" \/>\n<meta property=\"og:type\" content=\"article\" \/>\n<meta property=\"og:title\" content=\"Murs v\u00e9g\u00e9talis\u00e9s - WebZine Hydropassion\" \/>\n<meta property=\"og:description\" content=\"PAGE 1\/5 Aller \u00e0 : 1 &#8211; 2 &#8211; 3 &#8211; 4 &#8211; 5 FIGURE 1\u00a0: Sch\u00e9ma du tableau v\u00e9g\u00e9tal Le tableau v\u00e9g\u00e9tal est fabriqu\u00e9 \u00e0 partir d\u2019un plateau de culture qui fait office de support et de contenant pour le substrat. Ce plateau est rempli de 5 pains ou nattes de laine de roche [&hellip;]\" \/>\n<meta property=\"og:url\" content=\"https:\/\/hydropassion.com\/webZine\/mur-vegetal-hydro-hydroponie\/\" \/>\n<meta property=\"og:site_name\" content=\"WebZine Hydropassion\" \/>\n<meta property=\"article:modified_time\" content=\"2012-04-12T23:24:05+00:00\" \/>\n<meta name=\"twitter:card\" content=\"summary_large_image\" \/>\n<meta name=\"twitter:label1\" content=\"Dur\u00e9e de lecture estim\u00e9e\" \/>\n\t<meta name=\"twitter:data1\" content=\"3 minutes\" \/>\n<script type=\"application\/ld+json\" class=\"yoast-schema-graph\">{\"@context\":\"https:\/\/schema.org\",\"@graph\":[{\"@type\":\"WebPage\",\"@id\":\"https:\/\/hydropassion.com\/webZine\/mur-vegetal-hydro-hydroponie\/\",\"url\":\"https:\/\/hydropassion.com\/webZine\/mur-vegetal-hydro-hydroponie\/\",\"name\":\"Murs v\u00e9g\u00e9talis\u00e9s - WebZine Hydropassion\",\"isPartOf\":{\"@id\":\"https:\/\/hydropassion.com\/webZine\/#website\"},\"datePublished\":\"2012-02-10T17:37:58+00:00\",\"dateModified\":\"2012-04-12T23:24:05+00:00\",\"breadcrumb\":{\"@id\":\"https:\/\/hydropassion.com\/webZine\/mur-vegetal-hydro-hydroponie\/#breadcrumb\"},\"inLanguage\":\"fr-FR\",\"potentialAction\":[{\"@type\":\"ReadAction\",\"target\":[\"https:\/\/hydropassion.com\/webZine\/mur-vegetal-hydro-hydroponie\/\"]}]},{\"@type\":\"BreadcrumbList\",\"@id\":\"https:\/\/hydropassion.com\/webZine\/mur-vegetal-hydro-hydroponie\/#breadcrumb\",\"itemListElement\":[{\"@type\":\"ListItem\",\"position\":1,\"name\":\"Accueil\",\"item\":\"https:\/\/hydropassion.com\/webZine\/\"},{\"@type\":\"ListItem\",\"position\":2,\"name\":\"Murs v\u00e9g\u00e9talis\u00e9s\"}]},{\"@type\":\"WebSite\",\"@id\":\"https:\/\/hydropassion.com\/webZine\/#website\",\"url\":\"https:\/\/hydropassion.com\/webZine\/\",\"name\":\"Webzine Hydropassion Master Grower\",\"description\":\"Toute l&#039;actualit\u00e9 des cultures en substrat organique, hydroculture &amp; hydroponique.\",\"publisher\":{\"@id\":\"https:\/\/hydropassion.com\/webZine\/#organization\"},\"potentialAction\":[{\"@type\":\"SearchAction\",\"target\":{\"@type\":\"EntryPoint\",\"urlTemplate\":\"https:\/\/hydropassion.com\/webZine\/?s={search_term_string}\"},\"query-input\":{\"@type\":\"PropertyValueSpecification\",\"valueRequired\":true,\"valueName\":\"search_term_string\"}}],\"inLanguage\":\"fr-FR\"},{\"@type\":\"Organization\",\"@id\":\"https:\/\/hydropassion.com\/webZine\/#organization\",\"name\":\"Webzine Hydropassion Master Grower\",\"url\":\"https:\/\/hydropassion.com\/webZine\/\",\"logo\":{\"@type\":\"ImageObject\",\"inLanguage\":\"fr-FR\",\"@id\":\"https:\/\/hydropassion.com\/webZine\/#\/schema\/logo\/image\/\",\"url\":\"https:\/\/hydropassion.com\/webZine\/wp-content\/uploads\/2024\/12\/Logo_WebZine-Mascottes-001.png\",\"contentUrl\":\"https:\/\/hydropassion.com\/webZine\/wp-content\/uploads\/2024\/12\/Logo_WebZine-Mascottes-001.png\",\"width\":1500,\"height\":445,\"caption\":\"Webzine Hydropassion Master Grower\"},\"image\":{\"@id\":\"https:\/\/hydropassion.com\/webZine\/#\/schema\/logo\/image\/\"}}]}<\/script>\n<!-- \/ Yoast SEO plugin. -->","yoast_head_json":{"title":"Murs v\u00e9g\u00e9talis\u00e9s - WebZine Hydropassion","robots":{"index":"index","follow":"follow","max-snippet":"max-snippet:-1","max-image-preview":"max-image-preview:large","max-video-preview":"max-video-preview:-1"},"canonical":"https:\/\/hydropassion.com\/webZine\/mur-vegetal-hydro-hydroponie\/","og_locale":"fr_FR","og_type":"article","og_title":"Murs v\u00e9g\u00e9talis\u00e9s - WebZine Hydropassion","og_description":"PAGE 1\/5 Aller \u00e0 : 1 &#8211; 2 &#8211; 3 &#8211; 4 &#8211; 5 FIGURE 1\u00a0: Sch\u00e9ma du tableau v\u00e9g\u00e9tal Le tableau v\u00e9g\u00e9tal est fabriqu\u00e9 \u00e0 partir d\u2019un plateau de culture qui fait office de support et de contenant pour le substrat. Ce plateau est rempli de 5 pains ou nattes de laine de roche [&hellip;]","og_url":"https:\/\/hydropassion.com\/webZine\/mur-vegetal-hydro-hydroponie\/","og_site_name":"WebZine Hydropassion","article_modified_time":"2012-04-12T23:24:05+00:00","twitter_card":"summary_large_image","twitter_misc":{"Dur\u00e9e de lecture estim\u00e9e":"3 minutes"},"schema":{"@context":"https:\/\/schema.org","@graph":[{"@type":"WebPage","@id":"https:\/\/hydropassion.com\/webZine\/mur-vegetal-hydro-hydroponie\/","url":"https:\/\/hydropassion.com\/webZine\/mur-vegetal-hydro-hydroponie\/","name":"Murs v\u00e9g\u00e9talis\u00e9s - WebZine Hydropassion","isPartOf":{"@id":"https:\/\/hydropassion.com\/webZine\/#website"},"datePublished":"2012-02-10T17:37:58+00:00","dateModified":"2012-04-12T23:24:05+00:00","breadcrumb":{"@id":"https:\/\/hydropassion.com\/webZine\/mur-vegetal-hydro-hydroponie\/#breadcrumb"},"inLanguage":"fr-FR","potentialAction":[{"@type":"ReadAction","target":["https:\/\/hydropassion.com\/webZine\/mur-vegetal-hydro-hydroponie\/"]}]},{"@type":"BreadcrumbList","@id":"https:\/\/hydropassion.com\/webZine\/mur-vegetal-hydro-hydroponie\/#breadcrumb","itemListElement":[{"@type":"ListItem","position":1,"name":"Accueil","item":"https:\/\/hydropassion.com\/webZine\/"},{"@type":"ListItem","position":2,"name":"Murs v\u00e9g\u00e9talis\u00e9s"}]},{"@type":"WebSite","@id":"https:\/\/hydropassion.com\/webZine\/#website","url":"https:\/\/hydropassion.com\/webZine\/","name":"Webzine Hydropassion Master Grower","description":"Toute l&#039;actualit\u00e9 des cultures en substrat organique, hydroculture &amp; hydroponique.","publisher":{"@id":"https:\/\/hydropassion.com\/webZine\/#organization"},"potentialAction":[{"@type":"SearchAction","target":{"@type":"EntryPoint","urlTemplate":"https:\/\/hydropassion.com\/webZine\/?s={search_term_string}"},"query-input":{"@type":"PropertyValueSpecification","valueRequired":true,"valueName":"search_term_string"}}],"inLanguage":"fr-FR"},{"@type":"Organization","@id":"https:\/\/hydropassion.com\/webZine\/#organization","name":"Webzine Hydropassion Master Grower","url":"https:\/\/hydropassion.com\/webZine\/","logo":{"@type":"ImageObject","inLanguage":"fr-FR","@id":"https:\/\/hydropassion.com\/webZine\/#\/schema\/logo\/image\/","url":"https:\/\/hydropassion.com\/webZine\/wp-content\/uploads\/2024\/12\/Logo_WebZine-Mascottes-001.png","contentUrl":"https:\/\/hydropassion.com\/webZine\/wp-content\/uploads\/2024\/12\/Logo_WebZine-Mascottes-001.png","width":1500,"height":445,"caption":"Webzine Hydropassion Master Grower"},"image":{"@id":"https:\/\/hydropassion.com\/webZine\/#\/schema\/logo\/image\/"}}]}},"_links":{"self":[{"href":"https:\/\/hydropassion.com\/webZine\/wp-json\/wp\/v2\/pages\/86","targetHints":{"allow":["GET"]}}],"collection":[{"href":"https:\/\/hydropassion.com\/webZine\/wp-json\/wp\/v2\/pages"}],"about":[{"href":"https:\/\/hydropassion.com\/webZine\/wp-json\/wp\/v2\/types\/page"}],"author":[{"embeddable":true,"href":"https:\/\/hydropassion.com\/webZine\/wp-json\/wp\/v2\/users\/3"}],"replies":[{"embeddable":true,"href":"https:\/\/hydropassion.com\/webZine\/wp-json\/wp\/v2\/comments?post=86"}],"version-history":[{"count":15,"href":"https:\/\/hydropassion.com\/webZine\/wp-json\/wp\/v2\/pages\/86\/revisions"}],"predecessor-version":[{"id":93,"href":"https:\/\/hydropassion.com\/webZine\/wp-json\/wp\/v2\/pages\/86\/revisions\/93"}],"wp:attachment":[{"href":"https:\/\/hydropassion.com\/webZine\/wp-json\/wp\/v2\/media?parent=86"}],"curies":[{"name":"wp","href":"https:\/\/api.w.org\/{rel}","templated":true}]}}